{"id":503,"date":"2020-08-03T10:36:11","date_gmt":"2020-08-03T10:36:11","guid":{"rendered":"http:\/\/localhost:8888\/?page_id=503"},"modified":"2024-12-14T11:28:57","modified_gmt":"2024-12-14T11:28:57","slug":"kontakt-uns","status":"publish","type":"page","link":"https:\/\/startmed-germany.de\/fa\/kontakt-uns\/","title":{"rendered":"Kontakt Uns"},"content":{"rendered":"<div data-elementor-type=\"wp-page\" data-elementor-id=\"503\" class=\"elementor elementor-503\">\n\t\t\t\t\t\t<section class=\"elementor-section elementor-top-section elementor-element elementor-element-9f598d9 elementor-section-height-min-height elementor-section-boxed elementor-section-height-default elementor-section-items-middle\" data-id=\"9f598d9\" data-element_type=\"section\" data-settings=\"{&quot;background_background&quot;:&quot;classic&quot;}\">\n\t\t\t\t\t\t\t<div class=\"elementor-background-overlay\"><\/div>\n\t\t\t\t\t\t\t<div class=\"elementor-container elementor-column-gap-default\">\n\t\t\t\t\t<div class=\"elementor-column elementor-col-100 elementor-top-column elementor-element elementor-element-26a1982\" data-id=\"26a1982\" data-element_type=\"column\">\n\t\t\t<div class=\"elementor-widget-wrap elementor-element-populated\">\n\t\t\t\t\t\t<div class=\"elementor-element elementor-element-a1b1ab3 elementor-invisible elementor-widget elementor-widget-heading\" data-id=\"a1b1ab3\" data-element_type=\"widget\" data-settings=\"{&quot;_animation&quot;:&quot;fadeInDown&quot;}\" data-widget_type=\"heading.default\">\n\t\t\t\t<div class=\"elementor-widget-container\">\n\t\t\t<h2 class=\"elementor-heading-title elementor-size-default\">\u062a\u0645\u0627\u0633 \u0628\u0627 \u0645\u0627<\/h2>\t\t<\/div>\n\t\t\t\t<\/div>\n\t\t\t\t\t<\/div>\n\t\t<\/div>\n\t\t\t\t\t<\/div>\n\t\t<\/section>\n\t\t\t\t<section class=\"elementor-section elementor-top-section elementor-element elementor-element-2cfab8a elementor-section-boxed elementor-section-height-default elementor-section-height-default\" data-id=\"2cfab8a\" data-element_type=\"section\">\n\t\t\t\t\t\t<div class=\"elementor-container elementor-column-gap-default\">\n\t\t\t\t\t<div class=\"elementor-column elementor-col-100 elementor-top-column elementor-element elementor-element-a7556ad\" data-id=\"a7556ad\" data-element_type=\"column\">\n\t\t\t<div class=\"elementor-widget-wrap elementor-element-populated\">\n\t\t\t\t\t\t<div class=\"elementor-element elementor-element-8601401 elementor-widget elementor-widget-heading\" data-id=\"8601401\" data-element_type=\"widget\" data-widget_type=\"heading.default\">\n\t\t\t\t<div class=\"elementor-widget-container\">\n\t\t\t<h2 class=\"elementor-heading-title elementor-size-default\">\u0647\u0645\u06cc\u0634\u0647 \u0628\u0627 \u0645\u0627 \u062f\u0631 \u062a\u0645\u0627\u0633 \u0628\u0627\u0634\u06cc\u062f\u2028<\/h2>\t\t<\/div>\n\t\t\t\t<\/div>\n\t\t\t\t<div class=\"elementor-element elementor-element-2ab003e elementor-widget elementor-widget-text-editor\" data-id=\"2ab003e\" data-element_type=\"widget\" data-settings=\"{&quot;_animation_mobile&quot;:&quot;fadeInLeft&quot;}\" data-widget_type=\"text-editor.default\">\n\t\t\t\t<div class=\"elementor-widget-container\">\n\t\t\t\t\t\t\t<p>\u0627\u06af\u0631 \u0633\u0648\u0627\u0644\u06cc \u062f\u0627\u0631\u06cc\u062f \u06cc\u0627 \u0645\u06cc \u062e\u0648\u0627\u0647\u06cc\u062f \u062f\u0631\u062e\u0648\u0627\u0633\u062a\u06cc \u0628\u0631\u0627\u06cc \u06cc\u0627\u0641\u062a\u0646 \u06a9\u0627\u0631 \u062f\u0631 \u0622\u0644\u0645\u0627\u0646 \u0628\u0647 \u0627\u0633\u062a\u0627\u0631\u062a \u0645\u062f \u0627\u0631\u0633\u0627\u0644 \u06a9\u0646\u06cc\u062f. \u0627\u06cc\u0646\u062c\u0627 \u0628\u0631\u0627\u06cc \u0645\u0627 \u0628\u0646\u0648\u06cc\u0633\u06cc\u062f<\/p>\t\t\t\t\t\t<\/div>\n\t\t\t\t<\/div>\n\t\t\t\t<div class=\"elementor-element elementor-element-00eaacf elementor-widget-divider--view-line elementor-widget elementor-widget-divider\" data-id=\"00eaacf\" data-element_type=\"widget\" data-settings=\"{&quot;_animation_mobile&quot;:&quot;fadeInLeft&quot;}\" data-widget_type=\"divider.default\">\n\t\t\t\t<div class=\"elementor-widget-container\">\n\t\t\t\t\t<div class=\"elementor-divider\">\n\t\t\t<span class=\"elementor-divider-separator\">\n\t\t\t\t\t\t<\/span>\n\t\t<\/div>\n\t\t\t\t<\/div>\n\t\t\t\t<\/div>\n\t\t\t\t<div class=\"elementor-element elementor-element-2cb5552 elementor-invisible elementor-widget elementor-widget-text-editor\" data-id=\"2cb5552\" data-element_type=\"widget\" data-settings=\"{&quot;_animation_mobile&quot;:&quot;fadeInLeft&quot;,&quot;_animation&quot;:&quot;fadeInUp&quot;}\" data-widget_type=\"text-editor.default\">\n\t\t\t\t<div class=\"elementor-widget-container\">\n\t\t\t\t\t\t\t<p>\u0645\u0627 \u062f\u0631 \u0627\u0633\u0631\u0639 \u0648\u0642\u062a \u0628\u0647 \u062f\u0631\u062e\u0648\u0627\u0633\u062a \u0634\u0645\u0627 \u067e\u0627\u0633\u062e \u062e\u0648\u0627\u0647\u06cc\u0645 \u062f\u0627\u062f.<\/p>\t\t\t\t\t\t<\/div>\n\t\t\t\t<\/div>\n\t\t\t\t<div class=\"elementor-element elementor-element-73beb2a elementor-widget-divider--view-line elementor-widget elementor-widget-divider\" data-id=\"73beb2a\" data-element_type=\"widget\" data-settings=\"{&quot;_animation_mobile&quot;:&quot;fadeInLeft&quot;}\" data-widget_type=\"divider.default\">\n\t\t\t\t<div class=\"elementor-widget-container\">\n\t\t\t\t\t<div class=\"elementor-divider\">\n\t\t\t<span class=\"elementor-divider-separator\">\n\t\t\t\t\t\t<\/span>\n\t\t<\/div>\n\t\t\t\t<\/div>\n\t\t\t\t<\/div>\n\t\t\t\t<div class=\"elementor-element elementor-element-d882bd2 elementor-widget elementor-widget-wp-widget-wpforms-widget\" data-id=\"d882bd2\" data-element_type=\"widget\" data-settings=\"{&quot;_animation_mobile&quot;:&quot;fadeInRight&quot;}\" data-widget_type=\"wp-widget-wpforms-widget.default\">\n\t\t\t\t<div class=\"elementor-widget-container\">\n\t\t\t<div class=\"wpforms-container\" id=\"wpforms-7\"><form id=\"wpforms-form-7\" class=\"wpforms-validate wpforms-form\" data-formid=\"7\" method=\"post\" enctype=\"multipart\/form-data\" action=\"\/fa\/wp-json\/wp\/v2\/pages\/503\" data-token=\"2b92cc24670f1e0e49defd57e0064e50\" data-token-time=\"1776430491\" data-trp-original-action=\"\/fa\/wp-json\/wp\/v2\/pages\/503\"><noscript class=\"wpforms-error-noscript\">\u0644\u0637\u0641\u0627\u064b \u0628\u0631\u0627\u06cc \u062a\u06a9\u0645\u06cc\u0644 \u0627\u06cc\u0646 \u0641\u0631\u0645\u060c \u062c\u0627\u0648\u0627 \u0627\u0633\u06a9\u0631\u06cc\u067e\u062a \u0631\u0627 \u062f\u0631 \u0645\u0631\u0648\u0631\u06af\u0631 \u062e\u0648\u062f \u0641\u0639\u0627\u0644 \u06a9\u0646\u06cc\u062f.<\/noscript><div class=\"wpforms-field-container\"><div id=\"wpforms-7-field_0-container\" class=\"wpforms-field wpforms-field-name\" data-field-id=\"0\"><label class=\"wpforms-field-label wpforms-label-hide\" for=\"wpforms-7-field_0\">Name <span class=\"wpforms-required-label\">*<\/span><\/label><div class=\"wpforms-field-row wpforms-field-large\"><div class=\"wpforms-field-row-block wpforms-first wpforms-one-half\"><input type=\"text\" id=\"wpforms-7-field_0\" class=\"wpforms-field-name-first wpforms-field-required\" name=\"wpforms[fields][0][first]\" placeholder=\"\u0646\u0627\u0645\" required><label for=\"wpforms-7-field_0\" class=\"wpforms-field-sublabel after wpforms-sublabel-hide\">\u0646\u0627\u0645<\/label><\/div><div class=\"wpforms-field-row-block wpforms-one-half\"><input type=\"text\" id=\"wpforms-7-field_0-last\" class=\"wpforms-field-name-last wpforms-field-required\" name=\"wpforms[fields][0][last]\" placeholder=\"\u0646\u0627\u0645 \u062e\u0648\u0627\u0646\u0648\u0627\u062f\u06af\u06cc\" required><label for=\"wpforms-7-field_0-last\" class=\"wpforms-field-sublabel after wpforms-sublabel-hide\">\u0646\u0627\u0645 \u062e\u0627\u0646\u0648\u0627\u062f\u06af\u06cc<\/label><\/div><\/div><\/div><div id=\"wpforms-7-field_1-container\" class=\"wpforms-field wpforms-field-email\" data-field-id=\"1\"><label class=\"wpforms-field-label wpforms-label-hide\" for=\"wpforms-7-field_1\">\u0627\u06cc\u0645\u06cc\u0644 <span class=\"wpforms-required-label\">*<\/span><\/label><input type=\"email\" id=\"wpforms-7-field_1\" class=\"wpforms-field-large wpforms-field-required\" name=\"wpforms[fields][1]\" placeholder=\"\u0627\u06cc\u0645\u06cc\u0644\" spellcheck=\"false\" required><\/div><div id=\"wpforms-7-field_4-container\" class=\"wpforms-field wpforms-field-text\" data-field-id=\"4\"><input type=\"text\" id=\"wpforms-7-field_4\" class=\"wpforms-field-large\" name=\"wpforms[fields][4]\" placeholder=\"\u0639\u0646\u0648\u0627\u0646 \u0634\u063a\u0644\u06cc\" ><\/div><div id=\"wpforms-7-field_2-container\" class=\"wpforms-field wpforms-field-textarea\" data-field-id=\"2\"><label class=\"wpforms-field-label wpforms-label-hide\" for=\"wpforms-7-field_2\">Message <span class=\"wpforms-required-label\">*<\/span><\/label><textarea id=\"wpforms-7-field_2\" class=\"wpforms-field-medium wpforms-field-required\" name=\"wpforms[fields][2]\" placeholder=\"\u067e\u06cc\u0627\u0645\" required><\/textarea><\/div><\/div><!-- .wpforms-field-container --><div class=\"wpforms-field wpforms-field-hp\"><label for=\"wpforms-7-field-hp\" class=\"wpforms-field-label\">Comment<\/label><input type=\"text\" name=\"wpforms[hp]\" id=\"wpforms-7-field-hp\" class=\"wpforms-field-medium\"><\/div><div class=\"wpforms-submit-container\" ><input type=\"hidden\" name=\"wpforms[id]\" value=\"7\"><input type=\"hidden\" name=\"page_title\" value=\"\"><input type=\"hidden\" name=\"page_url\" value=\"https:\/\/startmed-germany.de\/fa\/wp-json\/wp\/v2\/pages\/503\"><button type=\"submit\" name=\"wpforms[submit]\" id=\"wpforms-submit-7\" class=\"wpforms-submit\" data-alt-text=\"Sending...\" data-submit-text=\"Senden\" aria-live=\"assertive\" value=\"wpforms-submit\">\u0627\u0631\u0633\u0627\u0644<\/button><\/div><input type=\"hidden\" name=\"trp-form-language\" value=\"fa\"\/><\/form><\/div>  <!-- .wpforms-container -->\t\t<\/div>\n\t\t\t\t<\/div>\n\t\t\t\t\t<\/div>\n\t\t<\/div>\n\t\t\t\t\t<\/div>\n\t\t<\/section>\n\t\t\t\t<section class=\"elementor-section elementor-top-section elementor-element elementor-element-66fc1cf3 elementor-section-boxed elementor-section-height-default elementor-section-height-default\" data-id=\"66fc1cf3\" data-element_type=\"section\" data-settings=\"{&quot;background_background&quot;:&quot;classic&quot;}\">\n\t\t\t\t\t\t<div class=\"elementor-container elementor-column-gap-default\">\n\t\t\t\t\t<div class=\"elementor-column elementor-col-100 elementor-top-column elementor-element elementor-element-5ee8c172\" data-id=\"5ee8c172\" data-element_type=\"column\">\n\t\t\t<div class=\"elementor-widget-wrap elementor-element-populated\">\n\t\t\t\t\t\t<div class=\"elementor-element elementor-element-4c364f76 elementor-widget elementor-widget-image\" data-id=\"4c364f76\" data-element_type=\"widget\" data-widget_type=\"image.default\">\n\t\t\t\t<div class=\"elementor-widget-container\">\n\t\t\t\t\t\t\t\t\t\t\t\t\t<img fetchpriority=\"high\" decoding=\"async\" width=\"507\" height=\"492\" src=\"https:\/\/startmed-germany.de\/wp-content\/uploads\/2020\/08\/StartMed-Logo.png\" class=\"attachment-full size-full wp-image-673\" alt=\"\" srcset=\"https:\/\/startmed-germany.de\/wp-content\/uploads\/2020\/08\/StartMed-Logo.png 507w, https:\/\/startmed-germany.de\/wp-content\/uploads\/2020\/08\/StartMed-Logo-300x291.png 300w\" sizes=\"(max-width: 507px) 100vw, 507px\" \/>\t\t\t\t\t\t\t\t\t\t\t\t\t<\/div>\n\t\t\t\t<\/div>\n\t\t\t\t<div class=\"elementor-element elementor-element-75e142a8 elementor-widget elementor-widget-heading\" data-id=\"75e142a8\" data-element_type=\"widget\" data-widget_type=\"heading.default\">\n\t\t\t\t<div class=\"elementor-widget-container\">\n\t\t\t<h2 class=\"elementor-heading-title elementor-size-default\">StartMed<\/h2>\t\t<\/div>\n\t\t\t\t<\/div>\n\t\t\t\t<div class=\"elementor-element elementor-element-50e98679 elementor-widget-divider--view-line elementor-widget elementor-widget-divider\" data-id=\"50e98679\" data-element_type=\"widget\" data-widget_type=\"divider.default\">\n\t\t\t\t<div class=\"elementor-widget-container\">\n\t\t\t\t\t<div class=\"elementor-divider\">\n\t\t\t<span class=\"elementor-divider-separator\">\n\t\t\t\t\t\t<\/span>\n\t\t<\/div>\n\t\t\t\t<\/div>\n\t\t\t\t<\/div>\n\t\t\t\t<section class=\"elementor-section elementor-inner-section elementor-element elementor-element-1fa52b13 elementor-section-boxed elementor-section-height-default elementor-section-height-default\" data-id=\"1fa52b13\" data-element_type=\"section\">\n\t\t\t\t\t\t<div class=\"elementor-container elementor-column-gap-default\">\n\t\t\t\t\t<div class=\"elementor-column elementor-col-20 elementor-inner-column elementor-element elementor-element-33f98934\" data-id=\"33f98934\" data-element_type=\"column\">\n\t\t\t<div class=\"elementor-widget-wrap elementor-element-populated\">\n\t\t\t\t\t\t<div class=\"elementor-element elementor-element-36bd5e48 elementor-align-center elementor-widget elementor-widget-button\" data-id=\"36bd5e48\" data-element_type=\"widget\" data-widget_type=\"button.default\">\n\t\t\t\t<div class=\"elementor-widget-container\">\n\t\t\t\t\t<div class=\"elementor-button-wrapper\">\n\t\t\t<a class=\"elementor-button elementor-button-link elementor-size-sm\" href=\"https:\/\/startmed-germany.de\/fa\/impressum\/\">\n\t\t\t\t\t\t<span class=\"elementor-button-content-wrapper\">\n\t\t\t\t\t\t\t\t\t<span class=\"elementor-button-text\">\u0627\u0637\u0644\u0627\u0639\u0627\u062a \u0633\u0627\u06cc\u062a<\/span>\n\t\t\t\t\t<\/span>\n\t\t\t\t\t<\/a>\n\t\t<\/div>\n\t\t\t\t<\/div>\n\t\t\t\t<\/div>\n\t\t\t\t\t<\/div>\n\t\t<\/div>\n\t\t\t\t<div class=\"elementor-column elementor-col-20 elementor-inner-column elementor-element elementor-element-13861c05\" data-id=\"13861c05\" data-element_type=\"column\">\n\t\t\t<div class=\"elementor-widget-wrap elementor-element-populated\">\n\t\t\t\t\t\t<div class=\"elementor-element elementor-element-61ef1bf elementor-align-center elementor-widget elementor-widget-button\" data-id=\"61ef1bf\" data-element_type=\"widget\" data-widget_type=\"button.default\">\n\t\t\t\t<div class=\"elementor-widget-container\">\n\t\t\t\t\t<div class=\"elementor-button-wrapper\">\n\t\t\t<a class=\"elementor-button elementor-button-link elementor-size-sm\" href=\"https:\/\/startmed-germany.de\/fa\/uber-uns\/\">\n\t\t\t\t\t\t<span class=\"elementor-button-content-wrapper\">\n\t\t\t\t\t\t\t\t\t<span class=\"elementor-button-text\">\u062f\u0631\u0628\u0627\u0631\u0647 \u0645\u0627<\/span>\n\t\t\t\t\t<\/span>\n\t\t\t\t\t<\/a>\n\t\t<\/div>\n\t\t\t\t<\/div>\n\t\t\t\t<\/div>\n\t\t\t\t\t<\/div>\n\t\t<\/div>\n\t\t\t\t<div class=\"elementor-column elementor-col-20 elementor-inner-column elementor-element elementor-element-35fa8190\" data-id=\"35fa8190\" data-element_type=\"column\">\n\t\t\t<div class=\"elementor-widget-wrap elementor-element-populated\">\n\t\t\t\t\t\t<div class=\"elementor-element elementor-element-1492e1e5 elementor-align-center elementor-widget elementor-widget-button\" data-id=\"1492e1e5\" data-element_type=\"widget\" data-widget_type=\"button.default\">\n\t\t\t\t<div class=\"elementor-widget-container\">\n\t\t\t\t\t<div class=\"elementor-button-wrapper\">\n\t\t\t<a class=\"elementor-button elementor-button-link elementor-size-sm\" href=\"https:\/\/startmed-germany.de\/fa\/kontakt-uns\/\">\n\t\t\t\t\t\t<span class=\"elementor-button-content-wrapper\">\n\t\t\t\t\t\t\t\t\t<span class=\"elementor-button-text\">\u062a\u0645\u0627\u0633 \u0628\u0627 \u0645\u0627<\/span>\n\t\t\t\t\t<\/span>\n\t\t\t\t\t<\/a>\n\t\t<\/div>\n\t\t\t\t<\/div>\n\t\t\t\t<\/div>\n\t\t\t\t\t<\/div>\n\t\t<\/div>\n\t\t\t\t<div class=\"elementor-column elementor-col-20 elementor-inner-column elementor-element elementor-element-35451df3\" data-id=\"35451df3\" data-element_type=\"column\">\n\t\t\t<div class=\"elementor-widget-wrap elementor-element-populated\">\n\t\t\t\t\t\t<div class=\"elementor-element elementor-element-34b2eeaa elementor-align-left elementor-mobile-align-center elementor-widget elementor-widget-button\" data-id=\"34b2eeaa\" data-element_type=\"widget\" data-widget_type=\"button.default\">\n\t\t\t\t<div class=\"elementor-widget-container\">\n\t\t\t\t\t<div class=\"elementor-button-wrapper\">\n\t\t\t<a class=\"elementor-button elementor-button-link elementor-size-sm\" href=\"https:\/\/startmed-germany.de\/fa\/kooperationspartners\/\">\n\t\t\t\t\t\t<span class=\"elementor-button-content-wrapper\">\n\t\t\t\t\t\t\t\t\t<span class=\"elementor-button-text\">\u0634\u0631\u06a9\u0627\u06cc \u06a9\u0627\u0631\u06cc<\/span>\n\t\t\t\t\t<\/span>\n\t\t\t\t\t<\/a>\n\t\t<\/div>\n\t\t\t\t<\/div>\n\t\t\t\t<\/div>\n\t\t\t\t\t<\/div>\n\t\t<\/div>\n\t\t\t\t<div class=\"elementor-column elementor-col-20 elementor-inner-column elementor-element elementor-element-5967f83a\" data-id=\"5967f83a\" data-element_type=\"column\">\n\t\t\t<div class=\"elementor-widget-wrap elementor-element-populated\">\n\t\t\t\t\t\t<div class=\"elementor-element elementor-element-26ef9fc9 elementor-align-center elementor-mobile-align-center elementor-widget elementor-widget-button\" data-id=\"26ef9fc9\" data-element_type=\"widget\" data-widget_type=\"button.default\">\n\t\t\t\t<div class=\"elementor-widget-container\">\n\t\t\t\t\t<div class=\"elementor-button-wrapper\">\n\t\t\t<a class=\"elementor-button elementor-button-link elementor-size-sm\" href=\"https:\/\/startmed-germany.de\/fa\/impressum\/\">\n\t\t\t\t\t\t<span class=\"elementor-button-content-wrapper\">\n\t\t\t\t\t\t\t\t\t<span class=\"elementor-button-text\">\u062d\u0641\u0627\u0638\u062a \u0627\u0632 \u062f\u0627\u062f\u0647 \u0647\u0627<\/span>\n\t\t\t\t\t<\/span>\n\t\t\t\t\t<\/a>\n\t\t<\/div>\n\t\t\t\t<\/div>\n\t\t\t\t<\/div>\n\t\t\t\t\t<\/div>\n\t\t<\/div>\n\t\t\t\t\t<\/div>\n\t\t<\/section>\n\t\t\t\t<section class=\"elementor-section elementor-inner-section elementor-element elementor-element-762de00c elementor-section-boxed elementor-section-height-default elementor-section-height-default\" data-id=\"762de00c\" data-element_type=\"section\">\n\t\t\t\t\t\t<div class=\"elementor-container elementor-column-gap-default\">\n\t\t\t\t\t<div class=\"elementor-column elementor-col-100 elementor-inner-column elementor-element elementor-element-2a0e2ea3\" data-id=\"2a0e2ea3\" data-element_type=\"column\">\n\t\t\t<div class=\"elementor-widget-wrap elementor-element-populated\">\n\t\t\t\t\t\t<div class=\"elementor-element elementor-element-4ef3b55a elementor-widget-divider--view-line elementor-widget elementor-widget-divider\" data-id=\"4ef3b55a\" data-element_type=\"widget\" data-widget_type=\"divider.default\">\n\t\t\t\t<div class=\"elementor-widget-container\">\n\t\t\t\t\t<div class=\"elementor-divider\">\n\t\t\t<span class=\"elementor-divider-separator\">\n\t\t\t\t\t\t<\/span>\n\t\t<\/div>\n\t\t\t\t<\/div>\n\t\t\t\t<\/div>\n\t\t\t\t\t<\/div>\n\t\t<\/div>\n\t\t\t\t\t<\/div>\n\t\t<\/section>\n\t\t\t\t<section class=\"elementor-section elementor-inner-section elementor-element elementor-element-62f726d8 elementor-section-boxed elementor-section-height-default elementor-section-height-default\" data-id=\"62f726d8\" data-element_type=\"section\">\n\t\t\t\t\t\t<div class=\"elementor-container elementor-column-gap-default\">\n\t\t\t\t\t<div class=\"elementor-column elementor-col-33 elementor-inner-column elementor-element elementor-element-624630f8\" data-id=\"624630f8\" data-element_type=\"column\">\n\t\t\t<div class=\"elementor-widget-wrap elementor-element-populated\">\n\t\t\t\t\t\t<div class=\"elementor-element elementor-element-6492ef03 elementor-widget elementor-widget-heading\" data-id=\"6492ef03\" data-element_type=\"widget\" data-widget_type=\"heading.default\">\n\t\t\t\t<div class=\"elementor-widget-container\">\n\t\t\t<h6 class=\"elementor-heading-title elementor-size-default\">\u0631\u0627\u0647\u0647\u0627\u06cc \u0627\u0631\u062a\u0628\u0627\u0637\u06cc \u0628\u0627 \u0645\u0627<\/h6>\t\t<\/div>\n\t\t\t\t<\/div>\n\t\t\t\t<div class=\"elementor-element elementor-element-1ebd2406 elementor-widget-divider--view-line elementor-widget elementor-widget-divider\" data-id=\"1ebd2406\" data-element_type=\"widget\" data-widget_type=\"divider.default\">\n\t\t\t\t<div class=\"elementor-widget-container\">\n\t\t\t\t\t<div class=\"elementor-divider\">\n\t\t\t<span class=\"elementor-divider-separator\">\n\t\t\t\t\t\t<\/span>\n\t\t<\/div>\n\t\t\t\t<\/div>\n\t\t\t\t<\/div>\n\t\t\t\t<div class=\"elementor-element elementor-element-23b735ce elementor-widget elementor-widget-text-editor\" data-id=\"23b735ce\" data-element_type=\"widget\" data-widget_type=\"text-editor.default\">\n\t\t\t\t<div class=\"elementor-widget-container\">\n\t\t\t\t\t\t\t<p>startmed.germany@gmail.com<\/p><p>info@startmed-germany.de<\/p><p>\u062a\u0644\u0641\u0646 : \u06f0\u06f0\u06f4\u06f9\u06f2\u06f0\u06f3\u06f3\u06f9\u06f2\u06f0\u06f5\u06f1\u06f2\u06f3<\/p><p>\u0645\u0648\u0628\u0627\u06cc\u0644 : \u06f0\u06f0\u06f4\u06f9\u06f1\u06f7\u06f9\u06f4\u06f1\u06f0\u06f5\u06f7\u06f8\u06f7<\/p>\t\t\t\t\t\t<\/div>\n\t\t\t\t<\/div>\n\t\t\t\t\t<\/div>\n\t\t<\/div>\n\t\t\t\t<div class=\"elementor-column elementor-col-33 elementor-inner-column elementor-element elementor-element-118aa35f\" data-id=\"118aa35f\" data-element_type=\"column\">\n\t\t\t<div class=\"elementor-widget-wrap\">\n\t\t\t\t\t\t\t<\/div>\n\t\t<\/div>\n\t\t\t\t<div class=\"elementor-column elementor-col-33 elementor-inner-column elementor-element elementor-element-77e0c6e7\" data-id=\"77e0c6e7\" data-element_type=\"column\">\n\t\t\t<div class=\"elementor-widget-wrap elementor-element-populated\">\n\t\t\t\t\t\t<div class=\"elementor-element elementor-element-61a79ea0 elementor-widget elementor-widget-heading\" data-id=\"61a79ea0\" data-element_type=\"widget\" data-widget_type=\"heading.default\">\n\t\t\t\t<div class=\"elementor-widget-container\">\n\t\t\t<h5 class=\"elementor-heading-title elementor-size-default\">\u0645\u0627 \u0631\u0627 \u062f\u0646\u0628\u0627\u0644 \u06a9\u0646\u06cc\u062f<\/h5>\t\t<\/div>\n\t\t\t\t<\/div>\n\t\t\t\t<div class=\"elementor-element elementor-element-29cef81e elementor-widget-divider--view-line elementor-widget elementor-widget-divider\" data-id=\"29cef81e\" data-element_type=\"widget\" data-widget_type=\"divider.default\">\n\t\t\t\t<div class=\"elementor-widget-container\">\n\t\t\t\t\t<div class=\"elementor-divider\">\n\t\t\t<span class=\"elementor-divider-separator\">\n\t\t\t\t\t\t<\/span>\n\t\t<\/div>\n\t\t\t\t<\/div>\n\t\t\t\t<\/div>\n\t\t\t\t<div class=\"elementor-element elementor-element-75c96bc3 e-grid-align-mobile-center elementor-shape-rounded elementor-grid-0 e-grid-align-center elementor-widget elementor-widget-social-icons\" data-id=\"75c96bc3\" data-element_type=\"widget\" data-widget_type=\"social-icons.default\">\n\t\t\t\t<div class=\"elementor-widget-container\">\n\t\t\t\t\t<div class=\"elementor-social-icons-wrapper elementor-grid\">\n\t\t\t\t\t\t\t<span class=\"elementor-grid-item\">\n\t\t\t\t\t<a class=\"elementor-icon elementor-social-icon elementor-social-icon-facebook-f elementor-repeater-item-c77c940\" href=\"https:\/\/www.facebook.com\/StartMed-e-K-102800191538632\/\" target=\"_blank\">\n\t\t\t\t\t\t<span class=\"elementor-screen-only\">Facebook-f<\/span>\n\t\t\t\t\t\t<i class=\"fab fa-facebook-f\"><\/i>\t\t\t\t\t<\/a>\n\t\t\t\t<\/span>\n\t\t\t\t\t\t\t<span class=\"elementor-grid-item\">\n\t\t\t\t\t<a class=\"elementor-icon elementor-social-icon elementor-social-icon-instagram elementor-repeater-item-5dbba35\" href=\"https:\/\/www.instagram.com\/startmed.germany\/\" target=\"_blank\">\n\t\t\t\t\t\t<span class=\"elementor-screen-only\">Instagram<\/span>\n\t\t\t\t\t\t<i class=\"fab fa-instagram\"><\/i>\t\t\t\t\t<\/a>\n\t\t\t\t<\/span>\n\t\t\t\t\t<\/div>\n\t\t\t\t<\/div>\n\t\t\t\t<\/div>\n\t\t\t\t\t<\/div>\n\t\t<\/div>\n\t\t\t\t\t<\/div>\n\t\t<\/section>\n\t\t\t\t\t<\/div>\n\t\t<\/div>\n\t\t\t\t\t<\/div>\n\t\t<\/section>\n\t\t\t\t<\/div>","protected":false},"excerpt":{"rendered":"<p>Kontakt Immer mit uns in kontakt bleiben: Wenn Sie Fragen haben oder StartMed eine Anfrage schicken m\u00f6chten um einen Arbeitsplatz in Deutschland zu finden, schreiben Sie uns hier. Wir werden Ihre Anfrage schnellstm\u00f6glich beantworten. StartMed Impressum \u00dcber uns Kontakt Kooperationspartner Datenschutzerkl\u00e4rung Unsere Erreichbarkeit startmed.germany@gmail.com info@startmed-germany.de Tel : +49 203 392 05 123 Mobile : +49 &hellip;<\/p>\n<p class=\"read-more\"> <a class=\"\" href=\"https:\/\/startmed-germany.de\/fa\/kontakt-uns\/\"> <span class=\"screen-reader-text\">Kontakt Uns<\/span> \u0627\u062f\u0627\u0645\u0647 \u00bb<\/a><\/p>","protected":false},"author":3,"featured_media":0,"parent":0,"menu_order":0,"comment_status":"closed","ping_status":"closed","template":"","meta":{"footnotes":""},"class_list":["post-503","page","type-page","status-publish","hentry"],"_links":{"self":[{"href":"https:\/\/startmed-germany.de\/fa\/wp-json\/wp\/v2\/pages\/503"}],"collection":[{"href":"https:\/\/startmed-germany.de\/fa\/wp-json\/wp\/v2\/pages"}],"about":[{"href":"https:\/\/startmed-germany.de\/fa\/wp-json\/wp\/v2\/types\/page"}],"author":[{"embeddable":true,"href":"https:\/\/startmed-germany.de\/fa\/wp-json\/wp\/v2\/users\/3"}],"replies":[{"embeddable":true,"href":"https:\/\/startmed-germany.de\/fa\/wp-json\/wp\/v2\/comments?post=503"}],"version-history":[{"count":30,"href":"https:\/\/startmed-germany.de\/fa\/wp-json\/wp\/v2\/pages\/503\/revisions"}],"predecessor-version":[{"id":1402,"href":"https:\/\/startmed-germany.de\/fa\/wp-json\/wp\/v2\/pages\/503\/revisions\/1402"}],"wp:attachment":[{"href":"https:\/\/startmed-germany.de\/fa\/wp-json\/wp\/v2\/media?parent=503"}],"curies":[{"name":"wp","href":"https:\/\/api.w.org\/{rel}","templated":true}]}}