{"id":449,"date":"2020-07-21T08:58:57","date_gmt":"2020-07-21T08:58:57","guid":{"rendered":"http:\/\/localhost:8888\/?page_id=449"},"modified":"2024-12-14T11:26:03","modified_gmt":"2024-12-14T11:26:03","slug":"op-pflege-ota","status":"publish","type":"page","link":"https:\/\/startmed-germany.de\/fa\/op-pflege-ota\/","title":{"rendered":"OP &#8211; Pflege (OTA)"},"content":{"rendered":"<div data-elementor-type=\"wp-page\" data-elementor-id=\"449\" class=\"elementor elementor-449\">\n\t\t\t\t\t\t<section class=\"elementor-section elementor-top-section elementor-element elementor-element-3ad09a63 elementor-section-height-min-height elementor-section-boxed elementor-section-height-default elementor-section-items-middle\" data-id=\"3ad09a63\" data-element_type=\"section\" data-settings=\"{&quot;background_background&quot;:&quot;classic&quot;}\">\n\t\t\t\t\t\t\t<div class=\"elementor-background-overlay\"><\/div>\n\t\t\t\t\t\t\t<div class=\"elementor-container elementor-column-gap-default\">\n\t\t\t\t\t<div class=\"elementor-column elementor-col-100 elementor-top-column elementor-element elementor-element-494761c2\" data-id=\"494761c2\" data-element_type=\"column\">\n\t\t\t<div class=\"elementor-widget-wrap elementor-element-populated\">\n\t\t\t\t\t\t<div class=\"elementor-element elementor-element-2d37270c elementor-invisible elementor-widget elementor-widget-heading\" data-id=\"2d37270c\" data-element_type=\"widget\" data-settings=\"{&quot;_animation&quot;:&quot;fadeInDown&quot;}\" data-widget_type=\"heading.default\">\n\t\t\t\t<div class=\"elementor-widget-container\">\n\t\t\t<h2 class=\"elementor-heading-title elementor-size-default\">\u062a\u06a9\u0646\u0633\u064a\u0646 \u0627\u062a\u0627\u0642 \u0639\u0645\u0644<\/h2>\t\t<\/div>\n\t\t\t\t<\/div>\n\t\t\t\t\t<\/div>\n\t\t<\/div>\n\t\t\t\t\t<\/div>\n\t\t<\/section>\n\t\t\t\t<section class=\"elementor-section elementor-top-section elementor-element elementor-element-3d406787 elementor-section-boxed elementor-section-height-default elementor-section-height-default\" data-id=\"3d406787\" data-element_type=\"section\">\n\t\t\t\t\t\t<div class=\"elementor-container elementor-column-gap-default\">\n\t\t\t\t\t<div class=\"elementor-column elementor-col-100 elementor-top-column elementor-element elementor-element-56720d10\" data-id=\"56720d10\" data-element_type=\"column\">\n\t\t\t<div class=\"elementor-widget-wrap elementor-element-populated\">\n\t\t\t\t\t\t<div class=\"elementor-element elementor-element-50cd19b5 elementor-widget elementor-widget-heading\" data-id=\"50cd19b5\" data-element_type=\"widget\" data-settings=\"{&quot;_animation_tablet&quot;:&quot;fadeInDown&quot;,&quot;_animation_mobile&quot;:&quot;none&quot;,&quot;_animation&quot;:&quot;none&quot;}\" data-widget_type=\"heading.default\">\n\t\t\t\t<div class=\"elementor-widget-container\">\n\t\t\t<h2 class=\"elementor-heading-title elementor-size-default\">\u06cc\u0627 \u062f\u0633\u062a\u06cc\u0627\u0631 \u0641\u0646\u06cc \u0648 \u067e\u0631\u0633\u062a\u0627\u0631\u06cc \u062f\u0631 \u0627\u062a\u0627\u0642 \u0639\u0645\u0644  (OTA)<\/h2>\t\t<\/div>\n\t\t\t\t<\/div>\n\t\t\t\t<div class=\"elementor-element elementor-element-6f8f7787 elementor-widget elementor-widget-text-editor\" data-id=\"6f8f7787\" data-element_type=\"widget\" data-settings=\"{&quot;_animation&quot;:&quot;none&quot;,&quot;_animation_tablet&quot;:&quot;fadeInLeft&quot;,&quot;_animation_mobile&quot;:&quot;none&quot;}\" data-widget_type=\"text-editor.default\">\n\t\t\t\t<div class=\"elementor-widget-container\">\n\t\t\t\t\t\t\t<p class=\"p1\">\u062a\u06a9\u0646\u0633\u06cc\u0646 \u0627\u062a\u0627\u0642 \u0639\u0645\u0644 \u0646\u06cc\u0632 \u06cc\u06a9\u06cc \u0627\u0632 \u062d\u0631\u0641\u0647 \u0647\u0627\u06cc \u062f\u0633\u062a\u06cc\u0627\u0631\u06cc \u067e\u0632\u0634\u06a9\u06cc \u0627\u0633\u062a. \u0648\u0638\u06cc\u0641\u0647 \u0627\u06cc\u0646 \u06af\u0631\u0648\u0647 \u060c \u06a9\u0627\u0631 \u0628\u0627 \u0627\u0628\u0632\u0627\u0631\u0647\u0627\u06cc \u062c\u0631\u0627\u062d\u06cc \u0648 \u062f\u0633\u062a\u06af\u0627\u0647 \u0647\u0627\u06cc \u0645\u0648\u0631\u062f \u0627\u0633\u062a\u0641\u0627\u062f\u0647 \u062f\u0631 \u0627\u062a\u0627\u0642 \u0639\u0645\u0644  \u0627\u0633\u062a.<\/p>\t\t\t\t\t\t<\/div>\n\t\t\t\t<\/div>\n\t\t\t\t\t<\/div>\n\t\t<\/div>\n\t\t\t\t\t<\/div>\n\t\t<\/section>\n\t\t\t\t<section class=\"elementor-section elementor-top-section elementor-element elementor-element-edc26b8 elementor-section-boxed elementor-section-height-default elementor-section-height-default\" data-id=\"edc26b8\" data-element_type=\"section\" data-settings=\"{&quot;background_background&quot;:&quot;classic&quot;}\">\n\t\t\t\t\t\t<div class=\"elementor-container elementor-column-gap-default\">\n\t\t\t\t\t<div class=\"elementor-column elementor-col-100 elementor-top-column elementor-element elementor-element-161e5b3c\" data-id=\"161e5b3c\" data-element_type=\"column\">\n\t\t\t<div class=\"elementor-widget-wrap elementor-element-populated\">\n\t\t\t\t\t\t<div class=\"elementor-element elementor-element-43664d5 elementor-widget elementor-widget-image\" data-id=\"43664d5\" data-element_type=\"widget\" data-widget_type=\"image.default\">\n\t\t\t\t<div class=\"elementor-widget-container\">\n\t\t\t\t\t\t\t\t\t\t\t\t\t<img fetchpriority=\"high\" decoding=\"async\" width=\"507\" height=\"492\" src=\"https:\/\/startmed-germany.de\/wp-content\/uploads\/2020\/08\/StartMed-Logo.png\" class=\"attachment-full size-full wp-image-673\" alt=\"\" srcset=\"https:\/\/startmed-germany.de\/wp-content\/uploads\/2020\/08\/StartMed-Logo.png 507w, https:\/\/startmed-germany.de\/wp-content\/uploads\/2020\/08\/StartMed-Logo-300x291.png 300w\" sizes=\"(max-width: 507px) 100vw, 507px\" \/>\t\t\t\t\t\t\t\t\t\t\t\t\t<\/div>\n\t\t\t\t<\/div>\n\t\t\t\t<div class=\"elementor-element elementor-element-6f7cbf1d elementor-widget elementor-widget-heading\" data-id=\"6f7cbf1d\" data-element_type=\"widget\" data-widget_type=\"heading.default\">\n\t\t\t\t<div class=\"elementor-widget-container\">\n\t\t\t<h2 class=\"elementor-heading-title elementor-size-default\">StartMed<\/h2>\t\t<\/div>\n\t\t\t\t<\/div>\n\t\t\t\t<div class=\"elementor-element elementor-element-49ad5e05 elementor-widget-divider--view-line elementor-widget elementor-widget-divider\" data-id=\"49ad5e05\" data-element_type=\"widget\" data-widget_type=\"divider.default\">\n\t\t\t\t<div class=\"elementor-widget-container\">\n\t\t\t\t\t<div class=\"elementor-divider\">\n\t\t\t<span class=\"elementor-divider-separator\">\n\t\t\t\t\t\t<\/span>\n\t\t<\/div>\n\t\t\t\t<\/div>\n\t\t\t\t<\/div>\n\t\t\t\t<section class=\"elementor-section elementor-inner-section elementor-element elementor-element-5be8d075 elementor-section-boxed elementor-section-height-default elementor-section-height-default\" data-id=\"5be8d075\" data-element_type=\"section\">\n\t\t\t\t\t\t<div class=\"elementor-container elementor-column-gap-default\">\n\t\t\t\t\t<div class=\"elementor-column elementor-col-20 elementor-inner-column elementor-element elementor-element-46b92336\" data-id=\"46b92336\" data-element_type=\"column\">\n\t\t\t<div class=\"elementor-widget-wrap elementor-element-populated\">\n\t\t\t\t\t\t<div class=\"elementor-element elementor-element-34813ef5 elementor-align-center elementor-widget elementor-widget-button\" data-id=\"34813ef5\" data-element_type=\"widget\" data-widget_type=\"button.default\">\n\t\t\t\t<div class=\"elementor-widget-container\">\n\t\t\t\t\t<div class=\"elementor-button-wrapper\">\n\t\t\t<a class=\"elementor-button elementor-button-link elementor-size-sm\" href=\"https:\/\/startmed-germany.de\/fa\/impressum\/\">\n\t\t\t\t\t\t<span class=\"elementor-button-content-wrapper\">\n\t\t\t\t\t\t\t\t\t<span class=\"elementor-button-text\">\u0627\u0637\u0644\u0627\u0639\u0627\u062a \u0633\u0627\u06cc\u062a<\/span>\n\t\t\t\t\t<\/span>\n\t\t\t\t\t<\/a>\n\t\t<\/div>\n\t\t\t\t<\/div>\n\t\t\t\t<\/div>\n\t\t\t\t\t<\/div>\n\t\t<\/div>\n\t\t\t\t<div class=\"elementor-column elementor-col-20 elementor-inner-column elementor-element elementor-element-4348d717\" data-id=\"4348d717\" data-element_type=\"column\">\n\t\t\t<div class=\"elementor-widget-wrap elementor-element-populated\">\n\t\t\t\t\t\t<div class=\"elementor-element elementor-element-53d5e467 elementor-align-center elementor-widget elementor-widget-button\" data-id=\"53d5e467\" data-element_type=\"widget\" data-widget_type=\"button.default\">\n\t\t\t\t<div class=\"elementor-widget-container\">\n\t\t\t\t\t<div class=\"elementor-button-wrapper\">\n\t\t\t<a class=\"elementor-button elementor-button-link elementor-size-sm\" href=\"https:\/\/startmed-germany.de\/fa\/uber-uns\/\">\n\t\t\t\t\t\t<span class=\"elementor-button-content-wrapper\">\n\t\t\t\t\t\t\t\t\t<span class=\"elementor-button-text\">\u062f\u0631\u0628\u0627\u0631\u0647 \u0645\u0627<\/span>\n\t\t\t\t\t<\/span>\n\t\t\t\t\t<\/a>\n\t\t<\/div>\n\t\t\t\t<\/div>\n\t\t\t\t<\/div>\n\t\t\t\t\t<\/div>\n\t\t<\/div>\n\t\t\t\t<div class=\"elementor-column elementor-col-20 elementor-inner-column elementor-element elementor-element-6dff8065\" data-id=\"6dff8065\" data-element_type=\"column\">\n\t\t\t<div class=\"elementor-widget-wrap elementor-element-populated\">\n\t\t\t\t\t\t<div class=\"elementor-element elementor-element-295fb697 elementor-align-center elementor-widget elementor-widget-button\" data-id=\"295fb697\" data-element_type=\"widget\" data-widget_type=\"button.default\">\n\t\t\t\t<div class=\"elementor-widget-container\">\n\t\t\t\t\t<div class=\"elementor-button-wrapper\">\n\t\t\t<a class=\"elementor-button elementor-button-link elementor-size-sm\" href=\"https:\/\/startmed-germany.de\/fa\/kontakt-uns\/\">\n\t\t\t\t\t\t<span class=\"elementor-button-content-wrapper\">\n\t\t\t\t\t\t\t\t\t<span class=\"elementor-button-text\">\u062a\u0645\u0627\u0633 \u0628\u0627 \u0645\u0627<\/span>\n\t\t\t\t\t<\/span>\n\t\t\t\t\t<\/a>\n\t\t<\/div>\n\t\t\t\t<\/div>\n\t\t\t\t<\/div>\n\t\t\t\t\t<\/div>\n\t\t<\/div>\n\t\t\t\t<div class=\"elementor-column elementor-col-20 elementor-inner-column elementor-element elementor-element-3b1eb3c7\" data-id=\"3b1eb3c7\" data-element_type=\"column\">\n\t\t\t<div class=\"elementor-widget-wrap elementor-element-populated\">\n\t\t\t\t\t\t<div class=\"elementor-element elementor-element-305dd0a7 elementor-align-left elementor-mobile-align-center elementor-widget elementor-widget-button\" data-id=\"305dd0a7\" data-element_type=\"widget\" data-widget_type=\"button.default\">\n\t\t\t\t<div class=\"elementor-widget-container\">\n\t\t\t\t\t<div class=\"elementor-button-wrapper\">\n\t\t\t<a class=\"elementor-button elementor-button-link elementor-size-sm\" href=\"https:\/\/startmed-germany.de\/fa\/kooperationspartners\/\">\n\t\t\t\t\t\t<span class=\"elementor-button-content-wrapper\">\n\t\t\t\t\t\t\t\t\t<span class=\"elementor-button-text\">\u0634\u0631\u06a9\u0627\u06cc \u06a9\u0627\u0631\u06cc<\/span>\n\t\t\t\t\t<\/span>\n\t\t\t\t\t<\/a>\n\t\t<\/div>\n\t\t\t\t<\/div>\n\t\t\t\t<\/div>\n\t\t\t\t\t<\/div>\n\t\t<\/div>\n\t\t\t\t<div class=\"elementor-column elementor-col-20 elementor-inner-column elementor-element elementor-element-39eb687e\" data-id=\"39eb687e\" data-element_type=\"column\">\n\t\t\t<div class=\"elementor-widget-wrap elementor-element-populated\">\n\t\t\t\t\t\t<div class=\"elementor-element elementor-element-2028d744 elementor-align-center elementor-mobile-align-center elementor-widget elementor-widget-button\" data-id=\"2028d744\" data-element_type=\"widget\" data-widget_type=\"button.default\">\n\t\t\t\t<div class=\"elementor-widget-container\">\n\t\t\t\t\t<div class=\"elementor-button-wrapper\">\n\t\t\t<a class=\"elementor-button elementor-button-link elementor-size-sm\" href=\"https:\/\/startmed-germany.de\/fa\/datenschutzerklaerung\/\">\n\t\t\t\t\t\t<span class=\"elementor-button-content-wrapper\">\n\t\t\t\t\t\t\t\t\t<span class=\"elementor-button-text\">\u062d\u0641\u0627\u0638\u062a \u0627\u0632 \u062f\u0627\u062f\u0647 \u0647\u0627<\/span>\n\t\t\t\t\t<\/span>\n\t\t\t\t\t<\/a>\n\t\t<\/div>\n\t\t\t\t<\/div>\n\t\t\t\t<\/div>\n\t\t\t\t\t<\/div>\n\t\t<\/div>\n\t\t\t\t\t<\/div>\n\t\t<\/section>\n\t\t\t\t<section class=\"elementor-section elementor-inner-section elementor-element elementor-element-61fb4baf elementor-section-boxed elementor-section-height-default elementor-section-height-default\" data-id=\"61fb4baf\" data-element_type=\"section\">\n\t\t\t\t\t\t<div class=\"elementor-container elementor-column-gap-default\">\n\t\t\t\t\t<div class=\"elementor-column elementor-col-100 elementor-inner-column elementor-element elementor-element-6568f77d\" data-id=\"6568f77d\" data-element_type=\"column\">\n\t\t\t<div class=\"elementor-widget-wrap elementor-element-populated\">\n\t\t\t\t\t\t<div class=\"elementor-element elementor-element-6983182e elementor-widget-divider--view-line elementor-widget elementor-widget-divider\" data-id=\"6983182e\" data-element_type=\"widget\" data-widget_type=\"divider.default\">\n\t\t\t\t<div class=\"elementor-widget-container\">\n\t\t\t\t\t<div class=\"elementor-divider\">\n\t\t\t<span class=\"elementor-divider-separator\">\n\t\t\t\t\t\t<\/span>\n\t\t<\/div>\n\t\t\t\t<\/div>\n\t\t\t\t<\/div>\n\t\t\t\t\t<\/div>\n\t\t<\/div>\n\t\t\t\t\t<\/div>\n\t\t<\/section>\n\t\t\t\t<section class=\"elementor-section elementor-inner-section elementor-element elementor-element-4b7aa44b elementor-section-boxed elementor-section-height-default elementor-section-height-default\" data-id=\"4b7aa44b\" data-element_type=\"section\">\n\t\t\t\t\t\t<div class=\"elementor-container elementor-column-gap-default\">\n\t\t\t\t\t<div class=\"elementor-column elementor-col-33 elementor-inner-column elementor-element elementor-element-78e68c34\" data-id=\"78e68c34\" data-element_type=\"column\">\n\t\t\t<div class=\"elementor-widget-wrap elementor-element-populated\">\n\t\t\t\t\t\t<div class=\"elementor-element elementor-element-25b5929d elementor-widget elementor-widget-heading\" data-id=\"25b5929d\" data-element_type=\"widget\" data-widget_type=\"heading.default\">\n\t\t\t\t<div class=\"elementor-widget-container\">\n\t\t\t<h6 class=\"elementor-heading-title elementor-size-default\">\u0631\u0627\u0647\u0647\u0627\u06cc \u0627\u0631\u062a\u0628\u0627\u0637\u06cc \u0628\u0627 \u0645\u0627<\/h6>\t\t<\/div>\n\t\t\t\t<\/div>\n\t\t\t\t<div class=\"elementor-element elementor-element-bb2c2ea elementor-widget-divider--view-line elementor-widget elementor-widget-divider\" data-id=\"bb2c2ea\" data-element_type=\"widget\" data-widget_type=\"divider.default\">\n\t\t\t\t<div class=\"elementor-widget-container\">\n\t\t\t\t\t<div class=\"elementor-divider\">\n\t\t\t<span class=\"elementor-divider-separator\">\n\t\t\t\t\t\t<\/span>\n\t\t<\/div>\n\t\t\t\t<\/div>\n\t\t\t\t<\/div>\n\t\t\t\t<div class=\"elementor-element elementor-element-71333eee elementor-widget elementor-widget-text-editor\" data-id=\"71333eee\" data-element_type=\"widget\" data-widget_type=\"text-editor.default\">\n\t\t\t\t<div class=\"elementor-widget-container\">\n\t\t\t\t\t\t\t<p>startmed.germany@gmail.com<\/p><p>info@startmed-germany.de<\/p><p>\u062a\u0644\u0641\u0646 : \u06f0\u06f0\u06f4\u06f9\u06f2\u06f0\u06f3\u06f3\u06f9\u06f2\u06f0\u06f5\u06f1\u06f2\u06f3<\/p><p>\u0645\u0648\u0628\u0627\u06cc\u0644 : \u06f0\u06f0\u06f4\u06f9\u06f1\u06f7\u06f9\u06f4\u06f1\u06f0\u06f5\u06f7\u06f8\u06f7<\/p>\t\t\t\t\t\t<\/div>\n\t\t\t\t<\/div>\n\t\t\t\t\t<\/div>\n\t\t<\/div>\n\t\t\t\t<div class=\"elementor-column elementor-col-33 elementor-inner-column elementor-element elementor-element-59b6c0be\" data-id=\"59b6c0be\" data-element_type=\"column\">\n\t\t\t<div class=\"elementor-widget-wrap\">\n\t\t\t\t\t\t\t<\/div>\n\t\t<\/div>\n\t\t\t\t<div class=\"elementor-column elementor-col-33 elementor-inner-column elementor-element elementor-element-7cd2cfe4\" data-id=\"7cd2cfe4\" data-element_type=\"column\">\n\t\t\t<div class=\"elementor-widget-wrap elementor-element-populated\">\n\t\t\t\t\t\t<div class=\"elementor-element elementor-element-7faafaed elementor-widget elementor-widget-heading\" data-id=\"7faafaed\" data-element_type=\"widget\" data-widget_type=\"heading.default\">\n\t\t\t\t<div class=\"elementor-widget-container\">\n\t\t\t<h5 class=\"elementor-heading-title elementor-size-default\">\u0645\u0627 \u0631\u0627 \u062f\u0646\u0628\u0627\u0644 \u06a9\u0646\u06cc\u062f<\/h5>\t\t<\/div>\n\t\t\t\t<\/div>\n\t\t\t\t<div class=\"elementor-element elementor-element-4e30df10 elementor-widget-divider--view-line elementor-widget elementor-widget-divider\" data-id=\"4e30df10\" data-element_type=\"widget\" data-widget_type=\"divider.default\">\n\t\t\t\t<div class=\"elementor-widget-container\">\n\t\t\t\t\t<div class=\"elementor-divider\">\n\t\t\t<span class=\"elementor-divider-separator\">\n\t\t\t\t\t\t<\/span>\n\t\t<\/div>\n\t\t\t\t<\/div>\n\t\t\t\t<\/div>\n\t\t\t\t<div class=\"elementor-element elementor-element-58a16095 e-grid-align-mobile-center elementor-shape-rounded elementor-grid-0 e-grid-align-center elementor-widget elementor-widget-social-icons\" data-id=\"58a16095\" data-element_type=\"widget\" data-widget_type=\"social-icons.default\">\n\t\t\t\t<div class=\"elementor-widget-container\">\n\t\t\t\t\t<div class=\"elementor-social-icons-wrapper elementor-grid\">\n\t\t\t\t\t\t\t<span class=\"elementor-grid-item\">\n\t\t\t\t\t<a class=\"elementor-icon elementor-social-icon elementor-social-icon-facebook-f elementor-repeater-item-c77c940\" href=\"https:\/\/www.facebook.com\/StartMed-e-K-102800191538632\/\" target=\"_blank\">\n\t\t\t\t\t\t<span class=\"elementor-screen-only\">Facebook-f<\/span>\n\t\t\t\t\t\t<i class=\"fab fa-facebook-f\"><\/i>\t\t\t\t\t<\/a>\n\t\t\t\t<\/span>\n\t\t\t\t\t\t\t<span class=\"elementor-grid-item\">\n\t\t\t\t\t<a class=\"elementor-icon elementor-social-icon elementor-social-icon-instagram elementor-repeater-item-5dbba35\" href=\"https:\/\/www.instagram.com\/startmed.germany\/\" target=\"_blank\">\n\t\t\t\t\t\t<span class=\"elementor-screen-only\">Instagram<\/span>\n\t\t\t\t\t\t<i class=\"fab fa-instagram\"><\/i>\t\t\t\t\t<\/a>\n\t\t\t\t<\/span>\n\t\t\t\t\t<\/div>\n\t\t\t\t<\/div>\n\t\t\t\t<\/div>\n\t\t\t\t\t<\/div>\n\t\t<\/div>\n\t\t\t\t\t<\/div>\n\t\t<\/section>\n\t\t\t\t\t<\/div>\n\t\t<\/div>\n\t\t\t\t\t<\/div>\n\t\t<\/section>\n\t\t\t\t<\/div>","protected":false},"excerpt":{"rendered":"<p>OP-Pflege OP-PFLEGE\/ OPERATIONSTECHNISCHE ASSISTENZ (OTA) Der Beruf der Operationstechnischen Assistenten\/ -innen geh\u00f6rt ebenfalls zu den Assistenzberufen der Medizin. Aufgabe dieser Berufsgruppe ist die Vorbereitung der Operationsinstrumente und zu verwendenden Ger\u00e4te, die Instrumentation am OP-Tisch sowie Springert\u00e4tigkeiten. Auch die Entsorgung und Sterilisation von Instrumentarium nach der Operation geh\u00f6ren zum Aufgabenfeld der OP-Pflege. Die Patientenbetreuung (Ein- und &hellip;<\/p>\n<p class=\"read-more\"> <a class=\"\" href=\"https:\/\/startmed-germany.de\/fa\/op-pflege-ota\/\"> <span class=\"screen-reader-text\">OP &#8211; Pflege (OTA)<\/span> \u0627\u062f\u0627\u0645\u0647 \u00bb<\/a><\/p>","protected":false},"author":3,"featured_media":0,"parent":0,"menu_order":0,"comment_status":"closed","ping_status":"closed","template":"","meta":{"footnotes":""},"class_list":["post-449","page","type-page","status-publish","hentry"],"_links":{"self":[{"href":"https:\/\/startmed-germany.de\/fa\/wp-json\/wp\/v2\/pages\/449"}],"collection":[{"href":"https:\/\/startmed-germany.de\/fa\/wp-json\/wp\/v2\/pages"}],"about":[{"href":"https:\/\/startmed-germany.de\/fa\/wp-json\/wp\/v2\/types\/page"}],"author":[{"embeddable":true,"href":"https:\/\/startmed-germany.de\/fa\/wp-json\/wp\/v2\/users\/3"}],"replies":[{"embeddable":true,"href":"https:\/\/startmed-germany.de\/fa\/wp-json\/wp\/v2\/comments?post=449"}],"version-history":[{"count":29,"href":"https:\/\/startmed-germany.de\/fa\/wp-json\/wp\/v2\/pages\/449\/revisions"}],"predecessor-version":[{"id":1384,"href":"https:\/\/startmed-germany.de\/fa\/wp-json\/wp\/v2\/pages\/449\/revisions\/1384"}],"wp:attachment":[{"href":"https:\/\/startmed-germany.de\/fa\/wp-json\/wp\/v2\/media?parent=449"}],"curies":[{"name":"wp","href":"https:\/\/api.w.org\/{rel}","templated":true}]}}