{"id":445,"date":"2020-07-21T08:57:28","date_gmt":"2020-07-21T08:57:28","guid":{"rendered":"http:\/\/localhost:8888\/?page_id=445"},"modified":"2024-12-14T11:26:40","modified_gmt":"2024-12-14T11:26:40","slug":"altenpfleger-in","status":"publish","type":"page","link":"https:\/\/startmed-germany.de\/fa\/altenpfleger-in\/","title":{"rendered":"\u067e\u0631\u0633\u062a\u0627\u0631\u06cc \u0627\u0632 \u0633\u0627\u0644\u0645\u0646\u062f\u0627\u0646"},"content":{"rendered":"<div data-elementor-type=\"wp-page\" data-elementor-id=\"445\" class=\"elementor elementor-445\">\n\t\t\t\t\t\t<section class=\"elementor-section elementor-top-section elementor-element elementor-element-48c588e0 elementor-section-height-min-height elementor-section-boxed elementor-section-height-default elementor-section-items-middle\" data-id=\"48c588e0\" data-element_type=\"section\" data-settings=\"{&quot;background_background&quot;:&quot;classic&quot;}\">\n\t\t\t\t\t\t\t<div class=\"elementor-background-overlay\"><\/div>\n\t\t\t\t\t\t\t<div class=\"elementor-container elementor-column-gap-default\">\n\t\t\t\t\t<div class=\"elementor-column elementor-col-100 elementor-top-column elementor-element elementor-element-3f82a5eb\" data-id=\"3f82a5eb\" data-element_type=\"column\">\n\t\t\t<div class=\"elementor-widget-wrap elementor-element-populated\">\n\t\t\t\t\t\t<div class=\"elementor-element elementor-element-2ea343e7 elementor-invisible elementor-widget elementor-widget-heading\" data-id=\"2ea343e7\" data-element_type=\"widget\" data-settings=\"{&quot;_animation&quot;:&quot;fadeInDown&quot;}\" data-widget_type=\"heading.default\">\n\t\t\t\t<div class=\"elementor-widget-container\">\n\t\t\t<h2 class=\"elementor-heading-title elementor-size-default\">\u067e\u0631\u0633\u062a\u0627\u0631\u06cc \u0627\u0632 \u0633\u0627\u0644\u0645\u0646\u062f\u0627\u0646<\/h2>\t\t<\/div>\n\t\t\t\t<\/div>\n\t\t\t\t\t<\/div>\n\t\t<\/div>\n\t\t\t\t\t<\/div>\n\t\t<\/section>\n\t\t\t\t<section class=\"elementor-section elementor-top-section elementor-element elementor-element-6fb71cc elementor-section-boxed elementor-section-height-default elementor-section-height-default\" data-id=\"6fb71cc\" data-element_type=\"section\">\n\t\t\t\t\t\t<div class=\"elementor-container elementor-column-gap-default\">\n\t\t\t\t\t<div class=\"elementor-column elementor-col-100 elementor-top-column elementor-element elementor-element-2d11efe4\" data-id=\"2d11efe4\" data-element_type=\"column\">\n\t\t\t<div class=\"elementor-widget-wrap elementor-element-populated\">\n\t\t\t\t\t\t<div class=\"elementor-element elementor-element-7d1e97aa elementor-widget elementor-widget-text-editor\" data-id=\"7d1e97aa\" data-element_type=\"widget\" data-settings=\"{&quot;_animation&quot;:&quot;none&quot;,&quot;_animation_tablet&quot;:&quot;fadeInLeft&quot;,&quot;_animation_mobile&quot;:&quot;none&quot;}\" data-widget_type=\"text-editor.default\">\n\t\t\t\t<div class=\"elementor-widget-container\">\n\t\t\t\t\t\t\t<p class=\"p1\">\u0645\u0631\u0627\u0642\u0628\u062a \u0627\u0632 \u0633\u0627\u0644\u0645\u0646\u062f\u0627\u0646 \u062f\u0631 \u0645\u0646\u0632\u0644 \u0648 \u0647\u0645\u064a\u0646\u0637\u0648\u0631 \u062f\u0631 \u062e\u0627\u0646\u0647 \u0647\u0627\u06cc \u0633\u0627\u0644\u0645\u0646\u062f\u0627\u0646 \u0628\u0647 \u0647\u0645\u0631\u0627\u0647 \u0631\u0648\u0627\u0646\u0634\u0646\u0627\u0633\u06cc \u0633\u0627\u0644\u0645\u0646\u062f\u0627\u0646 \u062f\u0631 \u0632\u0645\u06cc\u0646\u0647 \u06a9\u0627\u0631\u06cc \u0627\u064a\u0646 \u062f\u0633\u062a\u0647 \u0627\u0632 \u067e\u0631\u0633\u062a\u0627\u0631\u0627\u0646 \u0627\u0633\u062a. \u0627\u0641\u0631\u0627\u062f\u06cc \u06a9\u0647 \u062f\u0627\u0631\u0627\u06cc \u0627\u064a\u0646 \u0645\u0647\u0627\u0631\u062a \u0647\u0627\u06cc \u0634\u063a\u0644\u06cc \u0647\u0633\u062a\u0646\u062f \u0646\u06cc\u0632 \u0645\u06cc \u062a\u0648\u0627\u0646\u0646\u062f \u062f\u0631 \u0628\u06cc\u0645\u0627\u0631\u0633\u062a\u0627\u0646 \u0647\u0627 \u0648 \u0645\u0631\u0627\u06a9\u0632 \u0628\u0647\u062f\u0627\u0634\u062a\u06cc \u067e\u0632\u0634\u06a9\u06cc \u0627\u0633\u062a\u062e\u062f\u0627\u0645 \u0634\u0648\u0646\u062f. \u0647\u062f\u0641 \u0648\u06cc\u0698\u0647 \u0627\u06cc\u0646 \u062d\u0631\u0641\u0647 \u062d\u0641\u0638 \u06a9\u06cc\u0641\u06cc\u062a \u0632\u0646\u062f\u06af\u06cc \u067e\u0627\u06cc\u062f\u0627\u0631 \u0648 \u062e\u0648\u0628 \u0628\u0631\u0627\u06cc \u0628\u06cc\u0634\u062a\u0631\u06cc\u0646 \u0632\u0645\u0627\u0646 \u0645\u0645\u06a9\u0646 \u0627\u0633\u062a.<\/p>\t\t\t\t\t\t<\/div>\n\t\t\t\t<\/div>\n\t\t\t\t\t<\/div>\n\t\t<\/div>\n\t\t\t\t\t<\/div>\n\t\t<\/section>\n\t\t\t\t<section class=\"elementor-section elementor-top-section elementor-element elementor-element-29eedce2 elementor-section-boxed elementor-section-height-default elementor-section-height-default\" data-id=\"29eedce2\" data-element_type=\"section\" data-settings=\"{&quot;background_background&quot;:&quot;classic&quot;}\">\n\t\t\t\t\t\t<div class=\"elementor-container elementor-column-gap-default\">\n\t\t\t\t\t<div class=\"elementor-column elementor-col-100 elementor-top-column elementor-element elementor-element-fd6a04f\" data-id=\"fd6a04f\" data-element_type=\"column\">\n\t\t\t<div class=\"elementor-widget-wrap elementor-element-populated\">\n\t\t\t\t\t\t<div class=\"elementor-element elementor-element-7284a1f0 elementor-widget elementor-widget-image\" data-id=\"7284a1f0\" data-element_type=\"widget\" data-widget_type=\"image.default\">\n\t\t\t\t<div class=\"elementor-widget-container\">\n\t\t\t\t\t\t\t\t\t\t\t\t\t<img fetchpriority=\"high\" decoding=\"async\" width=\"507\" height=\"492\" src=\"https:\/\/startmed-germany.de\/wp-content\/uploads\/2020\/08\/StartMed-Logo.png\" class=\"attachment-full size-full wp-image-673\" alt=\"\" srcset=\"https:\/\/startmed-germany.de\/wp-content\/uploads\/2020\/08\/StartMed-Logo.png 507w, https:\/\/startmed-germany.de\/wp-content\/uploads\/2020\/08\/StartMed-Logo-300x291.png 300w\" sizes=\"(max-width: 507px) 100vw, 507px\" \/>\t\t\t\t\t\t\t\t\t\t\t\t\t<\/div>\n\t\t\t\t<\/div>\n\t\t\t\t<div class=\"elementor-element elementor-element-6b6f24bf elementor-widget elementor-widget-heading\" data-id=\"6b6f24bf\" data-element_type=\"widget\" data-widget_type=\"heading.default\">\n\t\t\t\t<div class=\"elementor-widget-container\">\n\t\t\t<h2 class=\"elementor-heading-title elementor-size-default\">StartMed<\/h2>\t\t<\/div>\n\t\t\t\t<\/div>\n\t\t\t\t<div class=\"elementor-element elementor-element-23efccf0 elementor-widget-divider--view-line elementor-widget elementor-widget-divider\" data-id=\"23efccf0\" data-element_type=\"widget\" data-widget_type=\"divider.default\">\n\t\t\t\t<div class=\"elementor-widget-container\">\n\t\t\t\t\t<div class=\"elementor-divider\">\n\t\t\t<span class=\"elementor-divider-separator\">\n\t\t\t\t\t\t<\/span>\n\t\t<\/div>\n\t\t\t\t<\/div>\n\t\t\t\t<\/div>\n\t\t\t\t<section class=\"elementor-section elementor-inner-section elementor-element elementor-element-5fee3838 elementor-section-boxed elementor-section-height-default elementor-section-height-default\" data-id=\"5fee3838\" data-element_type=\"section\">\n\t\t\t\t\t\t<div class=\"elementor-container elementor-column-gap-default\">\n\t\t\t\t\t<div class=\"elementor-column elementor-col-20 elementor-inner-column elementor-element elementor-element-7f408212\" data-id=\"7f408212\" data-element_type=\"column\">\n\t\t\t<div class=\"elementor-widget-wrap elementor-element-populated\">\n\t\t\t\t\t\t<div class=\"elementor-element elementor-element-1f72ca19 elementor-align-center elementor-widget elementor-widget-button\" data-id=\"1f72ca19\" data-element_type=\"widget\" data-widget_type=\"button.default\">\n\t\t\t\t<div class=\"elementor-widget-container\">\n\t\t\t\t\t<div class=\"elementor-button-wrapper\">\n\t\t\t<a class=\"elementor-button elementor-button-link elementor-size-sm\" href=\"https:\/\/startmed-germany.de\/fa\/impressum\/\">\n\t\t\t\t\t\t<span class=\"elementor-button-content-wrapper\">\n\t\t\t\t\t\t\t\t\t<span class=\"elementor-button-text\">\u0627\u0637\u0644\u0627\u0639\u0627\u062a \u0633\u0627\u06cc\u062a<\/span>\n\t\t\t\t\t<\/span>\n\t\t\t\t\t<\/a>\n\t\t<\/div>\n\t\t\t\t<\/div>\n\t\t\t\t<\/div>\n\t\t\t\t\t<\/div>\n\t\t<\/div>\n\t\t\t\t<div class=\"elementor-column elementor-col-20 elementor-inner-column elementor-element elementor-element-53ed561d\" data-id=\"53ed561d\" data-element_type=\"column\">\n\t\t\t<div class=\"elementor-widget-wrap elementor-element-populated\">\n\t\t\t\t\t\t<div class=\"elementor-element elementor-element-48e953a2 elementor-align-center elementor-widget elementor-widget-button\" data-id=\"48e953a2\" data-element_type=\"widget\" data-widget_type=\"button.default\">\n\t\t\t\t<div class=\"elementor-widget-container\">\n\t\t\t\t\t<div class=\"elementor-button-wrapper\">\n\t\t\t<a class=\"elementor-button elementor-button-link elementor-size-sm\" href=\"https:\/\/startmed-germany.de\/fa\/uber-uns\/\">\n\t\t\t\t\t\t<span class=\"elementor-button-content-wrapper\">\n\t\t\t\t\t\t\t\t\t<span class=\"elementor-button-text\">\u062f\u0631\u0628\u0627\u0631\u0647 \u0645\u0627<\/span>\n\t\t\t\t\t<\/span>\n\t\t\t\t\t<\/a>\n\t\t<\/div>\n\t\t\t\t<\/div>\n\t\t\t\t<\/div>\n\t\t\t\t\t<\/div>\n\t\t<\/div>\n\t\t\t\t<div class=\"elementor-column elementor-col-20 elementor-inner-column elementor-element elementor-element-122f48f4\" data-id=\"122f48f4\" data-element_type=\"column\">\n\t\t\t<div class=\"elementor-widget-wrap elementor-element-populated\">\n\t\t\t\t\t\t<div class=\"elementor-element elementor-element-74f265f1 elementor-align-center elementor-widget elementor-widget-button\" data-id=\"74f265f1\" data-element_type=\"widget\" data-widget_type=\"button.default\">\n\t\t\t\t<div class=\"elementor-widget-container\">\n\t\t\t\t\t<div class=\"elementor-button-wrapper\">\n\t\t\t<a class=\"elementor-button elementor-button-link elementor-size-sm\" href=\"https:\/\/startmed-germany.de\/fa\/kontakt-uns\/\">\n\t\t\t\t\t\t<span class=\"elementor-button-content-wrapper\">\n\t\t\t\t\t\t\t\t\t<span class=\"elementor-button-text\">\u062a\u0645\u0627\u0633 \u0628\u0627 \u0645\u0627<\/span>\n\t\t\t\t\t<\/span>\n\t\t\t\t\t<\/a>\n\t\t<\/div>\n\t\t\t\t<\/div>\n\t\t\t\t<\/div>\n\t\t\t\t\t<\/div>\n\t\t<\/div>\n\t\t\t\t<div class=\"elementor-column elementor-col-20 elementor-inner-column elementor-element elementor-element-5c685dfb\" data-id=\"5c685dfb\" data-element_type=\"column\">\n\t\t\t<div class=\"elementor-widget-wrap elementor-element-populated\">\n\t\t\t\t\t\t<div class=\"elementor-element elementor-element-3397ec33 elementor-align-left elementor-mobile-align-center elementor-widget elementor-widget-button\" data-id=\"3397ec33\" data-element_type=\"widget\" data-widget_type=\"button.default\">\n\t\t\t\t<div class=\"elementor-widget-container\">\n\t\t\t\t\t<div class=\"elementor-button-wrapper\">\n\t\t\t<a class=\"elementor-button elementor-button-link elementor-size-sm\" href=\"https:\/\/startmed-germany.de\/fa\/kooperationspartners\/\">\n\t\t\t\t\t\t<span class=\"elementor-button-content-wrapper\">\n\t\t\t\t\t\t\t\t\t<span class=\"elementor-button-text\">\u0634\u0631\u06a9\u0627\u06cc \u06a9\u0627\u0631\u06cc<\/span>\n\t\t\t\t\t<\/span>\n\t\t\t\t\t<\/a>\n\t\t<\/div>\n\t\t\t\t<\/div>\n\t\t\t\t<\/div>\n\t\t\t\t\t<\/div>\n\t\t<\/div>\n\t\t\t\t<div class=\"elementor-column elementor-col-20 elementor-inner-column elementor-element elementor-element-28ce0b0f\" data-id=\"28ce0b0f\" data-element_type=\"column\">\n\t\t\t<div class=\"elementor-widget-wrap elementor-element-populated\">\n\t\t\t\t\t\t<div class=\"elementor-element elementor-element-e86b25a elementor-align-center elementor-mobile-align-center elementor-widget elementor-widget-button\" data-id=\"e86b25a\" data-element_type=\"widget\" data-widget_type=\"button.default\">\n\t\t\t\t<div class=\"elementor-widget-container\">\n\t\t\t\t\t<div class=\"elementor-button-wrapper\">\n\t\t\t<a class=\"elementor-button elementor-button-link elementor-size-sm\" href=\"https:\/\/startmed-germany.de\/fa\/datenschutzerklaerung\/\">\n\t\t\t\t\t\t<span class=\"elementor-button-content-wrapper\">\n\t\t\t\t\t\t\t\t\t<span class=\"elementor-button-text\">\u062d\u0641\u0627\u0638\u062a \u0627\u0632 \u062f\u0627\u062f\u0647 \u0647\u0627<\/span>\n\t\t\t\t\t<\/span>\n\t\t\t\t\t<\/a>\n\t\t<\/div>\n\t\t\t\t<\/div>\n\t\t\t\t<\/div>\n\t\t\t\t\t<\/div>\n\t\t<\/div>\n\t\t\t\t\t<\/div>\n\t\t<\/section>\n\t\t\t\t<section class=\"elementor-section elementor-inner-section elementor-element elementor-element-cc05d9 elementor-section-boxed elementor-section-height-default elementor-section-height-default\" data-id=\"cc05d9\" data-element_type=\"section\">\n\t\t\t\t\t\t<div class=\"elementor-container elementor-column-gap-default\">\n\t\t\t\t\t<div class=\"elementor-column elementor-col-100 elementor-inner-column elementor-element elementor-element-151f3f64\" data-id=\"151f3f64\" data-element_type=\"column\">\n\t\t\t<div class=\"elementor-widget-wrap elementor-element-populated\">\n\t\t\t\t\t\t<div class=\"elementor-element elementor-element-f64113c elementor-widget-divider--view-line elementor-widget elementor-widget-divider\" data-id=\"f64113c\" data-element_type=\"widget\" data-widget_type=\"divider.default\">\n\t\t\t\t<div class=\"elementor-widget-container\">\n\t\t\t\t\t<div class=\"elementor-divider\">\n\t\t\t<span class=\"elementor-divider-separator\">\n\t\t\t\t\t\t<\/span>\n\t\t<\/div>\n\t\t\t\t<\/div>\n\t\t\t\t<\/div>\n\t\t\t\t\t<\/div>\n\t\t<\/div>\n\t\t\t\t\t<\/div>\n\t\t<\/section>\n\t\t\t\t<section class=\"elementor-section elementor-inner-section elementor-element elementor-element-2bacf83f elementor-section-boxed elementor-section-height-default elementor-section-height-default\" data-id=\"2bacf83f\" data-element_type=\"section\">\n\t\t\t\t\t\t<div class=\"elementor-container elementor-column-gap-default\">\n\t\t\t\t\t<div class=\"elementor-column elementor-col-33 elementor-inner-column elementor-element elementor-element-4cb272bc\" data-id=\"4cb272bc\" data-element_type=\"column\">\n\t\t\t<div class=\"elementor-widget-wrap elementor-element-populated\">\n\t\t\t\t\t\t<div class=\"elementor-element elementor-element-7d9690cf elementor-widget elementor-widget-heading\" data-id=\"7d9690cf\" data-element_type=\"widget\" data-widget_type=\"heading.default\">\n\t\t\t\t<div class=\"elementor-widget-container\">\n\t\t\t<h6 class=\"elementor-heading-title elementor-size-default\">\u0631\u0627\u0647\u0647\u0627\u06cc \u0627\u0631\u062a\u0628\u0627\u0637\u06cc \u0628\u0627 \u0645\u0627<\/h6>\t\t<\/div>\n\t\t\t\t<\/div>\n\t\t\t\t<div class=\"elementor-element elementor-element-790a4637 elementor-widget-divider--view-line elementor-widget elementor-widget-divider\" data-id=\"790a4637\" data-element_type=\"widget\" data-widget_type=\"divider.default\">\n\t\t\t\t<div class=\"elementor-widget-container\">\n\t\t\t\t\t<div class=\"elementor-divider\">\n\t\t\t<span class=\"elementor-divider-separator\">\n\t\t\t\t\t\t<\/span>\n\t\t<\/div>\n\t\t\t\t<\/div>\n\t\t\t\t<\/div>\n\t\t\t\t<div class=\"elementor-element elementor-element-64a31b3c elementor-widget elementor-widget-text-editor\" data-id=\"64a31b3c\" data-element_type=\"widget\" data-widget_type=\"text-editor.default\">\n\t\t\t\t<div class=\"elementor-widget-container\">\n\t\t\t\t\t\t\t<p>startmed.germany@gmail.com<\/p><p>info@startmed-germany.de<\/p><p>\u062a\u0644\u0641\u0646 : \u06f0\u06f0\u06f4\u06f9\u06f2\u06f0\u06f3\u06f3\u06f9\u06f2\u06f0\u06f5\u06f1\u06f2\u06f3<\/p><p>\u0645\u0648\u0628\u0627\u06cc\u0644 : \u06f0\u06f0\u06f4\u06f9\u06f1\u06f7\u06f9\u06f4\u06f1\u06f0\u06f5\u06f7\u06f8\u06f7<\/p>\t\t\t\t\t\t<\/div>\n\t\t\t\t<\/div>\n\t\t\t\t\t<\/div>\n\t\t<\/div>\n\t\t\t\t<div class=\"elementor-column elementor-col-33 elementor-inner-column elementor-element elementor-element-69e0aff7\" data-id=\"69e0aff7\" data-element_type=\"column\">\n\t\t\t<div class=\"elementor-widget-wrap\">\n\t\t\t\t\t\t\t<\/div>\n\t\t<\/div>\n\t\t\t\t<div class=\"elementor-column elementor-col-33 elementor-inner-column elementor-element elementor-element-36e0eae6\" data-id=\"36e0eae6\" data-element_type=\"column\">\n\t\t\t<div class=\"elementor-widget-wrap elementor-element-populated\">\n\t\t\t\t\t\t<div class=\"elementor-element elementor-element-4b57c134 elementor-widget elementor-widget-heading\" data-id=\"4b57c134\" data-element_type=\"widget\" data-widget_type=\"heading.default\">\n\t\t\t\t<div class=\"elementor-widget-container\">\n\t\t\t<h5 class=\"elementor-heading-title elementor-size-default\">\u0645\u0627 \u0631\u0627 \u062f\u0646\u0628\u0627\u0644 \u06a9\u0646\u06cc\u062f<\/h5>\t\t<\/div>\n\t\t\t\t<\/div>\n\t\t\t\t<div class=\"elementor-element elementor-element-7b1fc1e0 elementor-widget-divider--view-line elementor-widget elementor-widget-divider\" data-id=\"7b1fc1e0\" data-element_type=\"widget\" data-widget_type=\"divider.default\">\n\t\t\t\t<div class=\"elementor-widget-container\">\n\t\t\t\t\t<div class=\"elementor-divider\">\n\t\t\t<span class=\"elementor-divider-separator\">\n\t\t\t\t\t\t<\/span>\n\t\t<\/div>\n\t\t\t\t<\/div>\n\t\t\t\t<\/div>\n\t\t\t\t<div class=\"elementor-element elementor-element-2d164097 e-grid-align-mobile-center elementor-shape-rounded elementor-grid-0 e-grid-align-center elementor-widget elementor-widget-social-icons\" data-id=\"2d164097\" data-element_type=\"widget\" data-widget_type=\"social-icons.default\">\n\t\t\t\t<div class=\"elementor-widget-container\">\n\t\t\t\t\t<div class=\"elementor-social-icons-wrapper elementor-grid\">\n\t\t\t\t\t\t\t<span class=\"elementor-grid-item\">\n\t\t\t\t\t<a class=\"elementor-icon elementor-social-icon elementor-social-icon-facebook-f elementor-repeater-item-c77c940\" href=\"https:\/\/www.facebook.com\/StartMed-e-K-102800191538632\/\" target=\"_blank\">\n\t\t\t\t\t\t<span class=\"elementor-screen-only\">Facebook-f<\/span>\n\t\t\t\t\t\t<i class=\"fab fa-facebook-f\"><\/i>\t\t\t\t\t<\/a>\n\t\t\t\t<\/span>\n\t\t\t\t\t\t\t<span class=\"elementor-grid-item\">\n\t\t\t\t\t<a class=\"elementor-icon elementor-social-icon elementor-social-icon-instagram elementor-repeater-item-5dbba35\" href=\"https:\/\/www.instagram.com\/startmed.germany\/\" target=\"_blank\">\n\t\t\t\t\t\t<span class=\"elementor-screen-only\">Instagram<\/span>\n\t\t\t\t\t\t<i class=\"fab fa-instagram\"><\/i>\t\t\t\t\t<\/a>\n\t\t\t\t<\/span>\n\t\t\t\t\t<\/div>\n\t\t\t\t<\/div>\n\t\t\t\t<\/div>\n\t\t\t\t\t<\/div>\n\t\t<\/div>\n\t\t\t\t\t<\/div>\n\t\t<\/section>\n\t\t\t\t\t<\/div>\n\t\t<\/div>\n\t\t\t\t\t<\/div>\n\t\t<\/section>\n\t\t\t\t<\/div>","protected":false},"excerpt":{"rendered":"<p>Altenpflege Altenpfleger\/in ist ein professioneller Beruf und besch\u00e4ftigt sich mit der Pflege und Betreuung alter Menschen in jeder Form. M\u00f6gliche Einsatzgebiete sind jede Organisations- und Institutionsform in diesem Fachgebiet. Von h\u00e4uslicher Versorgung, ambulantem Pflegedienst, Alten- und Pflegeheim bis zur Gerontopsychiatrie sind alle Einsatzgebiete m\u00f6glich. Auch in Hospizen und Palliativstationen sind Menschen mit der Berufsausbildung eines &hellip;<\/p>\n<p class=\"read-more\"> <a class=\"\" href=\"https:\/\/startmed-germany.de\/fa\/altenpfleger-in\/\"> <span class=\"screen-reader-text\">\u067e\u0631\u0633\u062a\u0627\u0631\u06cc \u0627\u0632 \u0633\u0627\u0644\u0645\u0646\u062f\u0627\u0646<\/span> \u0627\u062f\u0627\u0645\u0647 \u00bb<\/a><\/p>","protected":false},"author":3,"featured_media":0,"parent":0,"menu_order":0,"comment_status":"closed","ping_status":"closed","template":"","meta":{"footnotes":""},"class_list":["post-445","page","type-page","status-publish","hentry"],"_links":{"self":[{"href":"https:\/\/startmed-germany.de\/fa\/wp-json\/wp\/v2\/pages\/445"}],"collection":[{"href":"https:\/\/startmed-germany.de\/fa\/wp-json\/wp\/v2\/pages"}],"about":[{"href":"https:\/\/startmed-germany.de\/fa\/wp-json\/wp\/v2\/types\/page"}],"author":[{"embeddable":true,"href":"https:\/\/startmed-germany.de\/fa\/wp-json\/wp\/v2\/users\/3"}],"replies":[{"embeddable":true,"href":"https:\/\/startmed-germany.de\/fa\/wp-json\/wp\/v2\/comments?post=445"}],"version-history":[{"count":29,"href":"https:\/\/startmed-germany.de\/fa\/wp-json\/wp\/v2\/pages\/445\/revisions"}],"predecessor-version":[{"id":1390,"href":"https:\/\/startmed-germany.de\/fa\/wp-json\/wp\/v2\/pages\/445\/revisions\/1390"}],"wp:attachment":[{"href":"https:\/\/startmed-germany.de\/fa\/wp-json\/wp\/v2\/media?parent=445"}],"curies":[{"name":"wp","href":"https:\/\/api.w.org\/{rel}","templated":true}]}}