{"id":443,"date":"2020-07-21T08:55:47","date_gmt":"2020-07-21T08:55:47","guid":{"rendered":"http:\/\/localhost:8888\/?page_id=443"},"modified":"2024-12-14T11:26:58","modified_gmt":"2024-12-14T11:26:58","slug":"apotheker-in","status":"publish","type":"page","link":"https:\/\/startmed-germany.de\/fa\/apotheker-in\/","title":{"rendered":"\u062f\u0627\u0631\u0648\u0633\u0627\u0632"},"content":{"rendered":"<div data-elementor-type=\"wp-page\" data-elementor-id=\"443\" class=\"elementor elementor-443\">\n\t\t\t\t\t\t<section class=\"elementor-section elementor-top-section elementor-element elementor-element-473504cd elementor-section-height-min-height elementor-section-boxed elementor-section-height-default elementor-section-items-middle\" data-id=\"473504cd\" data-element_type=\"section\" data-settings=\"{&quot;background_background&quot;:&quot;classic&quot;}\">\n\t\t\t\t\t\t\t<div class=\"elementor-background-overlay\"><\/div>\n\t\t\t\t\t\t\t<div class=\"elementor-container elementor-column-gap-default\">\n\t\t\t\t\t<div class=\"elementor-column elementor-col-100 elementor-top-column elementor-element elementor-element-2be2e3e9\" data-id=\"2be2e3e9\" data-element_type=\"column\">\n\t\t\t<div class=\"elementor-widget-wrap elementor-element-populated\">\n\t\t\t\t\t\t<div class=\"elementor-element elementor-element-4db4d048 elementor-invisible elementor-widget elementor-widget-heading\" data-id=\"4db4d048\" data-element_type=\"widget\" data-settings=\"{&quot;_animation&quot;:&quot;fadeInDown&quot;}\" data-widget_type=\"heading.default\">\n\t\t\t\t<div class=\"elementor-widget-container\">\n\t\t\t<h2 class=\"elementor-heading-title elementor-size-default\">\u062f\u0627\u0631\u0648\u0633\u0627\u0632<\/h2>\t\t<\/div>\n\t\t\t\t<\/div>\n\t\t\t\t\t<\/div>\n\t\t<\/div>\n\t\t\t\t\t<\/div>\n\t\t<\/section>\n\t\t\t\t<section class=\"elementor-section elementor-top-section elementor-element elementor-element-477f95d elementor-section-boxed elementor-section-height-default elementor-section-height-default\" data-id=\"477f95d\" data-element_type=\"section\">\n\t\t\t\t\t\t<div class=\"elementor-container elementor-column-gap-default\">\n\t\t\t\t\t<div class=\"elementor-column elementor-col-100 elementor-top-column elementor-element elementor-element-ea3310\" data-id=\"ea3310\" data-element_type=\"column\">\n\t\t\t<div class=\"elementor-widget-wrap elementor-element-populated\">\n\t\t\t\t\t\t<div class=\"elementor-element elementor-element-5d0519ac elementor-widget elementor-widget-heading\" data-id=\"5d0519ac\" data-element_type=\"widget\" data-settings=\"{&quot;_animation_tablet&quot;:&quot;fadeInDown&quot;,&quot;_animation_mobile&quot;:&quot;none&quot;,&quot;_animation&quot;:&quot;none&quot;}\" data-widget_type=\"heading.default\">\n\t\t\t\t<div class=\"elementor-widget-container\">\n\t\t\t<h2 class=\"elementor-heading-title elementor-size-default\">\u062f\u0627\u0631\u0648\u0633\u0627\u0632 \u060c \u0641\u0627\u0631\u0645\u0633\u06cc\u0633\u062a<\/h2>\t\t<\/div>\n\t\t\t\t<\/div>\n\t\t\t\t<div class=\"elementor-element elementor-element-ec7f6c elementor-widget elementor-widget-text-editor\" data-id=\"ec7f6c\" data-element_type=\"widget\" data-settings=\"{&quot;_animation&quot;:&quot;none&quot;,&quot;_animation_tablet&quot;:&quot;fadeInLeft&quot;,&quot;_animation_mobile&quot;:&quot;none&quot;}\" data-widget_type=\"text-editor.default\">\n\t\t\t\t<div class=\"elementor-widget-container\">\n\t\t\t\t\t\t\t<p class=\"p1\">\u062f\u0627\u0631\u0648\u0633\u0627\u0632\u0627\u0646 \u0628\u0647 \u0639\u0646\u0648\u0627\u0646 \u0645\u062a\u062e\u0635\u0635\u064a\u0646 \u0622\u06a9\u0627\u062f\u0645\u06cc\u06a9 \u060c \u062d\u0642 \u062a\u0648\u0632\u06cc\u0639 \u0645\u062d\u0635\u0648\u0644\u0627\u062a \u062f\u0627\u0631\u0648\u06cc\u06cc \u0631\u0627 \u062f\u0627\u0634\u062a\u0647 \u0648 \u0639\u0644\u0627\u0648\u0647 \u0628\u0631 \u062a\u0648\u0632\u06cc\u0639 \u062f\u0627\u0631\u0648\u0647\u0627 \u060c \u0628\u0627 \u0633\u0627\u062e\u062a \u0648 \u062a\u0648\u0633\u0639\u0647 \u0627\u06cc\u0646 \u062f\u0627\u0631\u0648\u0647\u0627 \u0646\u064a\u0632 \u0633\u0631 \u0648 \u06a9\u0627\u0631 \u062f\u0627\u0631\u0646\u062f. \u0645\u0634\u0627\u0648\u0631\u0647 \u062f\u0627\u062f\u0646 \u0628\u0647 \u0645\u0635\u0631\u0641 \u06a9\u0646\u0646\u062f\u06af\u0627\u0646 \u0646\u06cc\u0632 \u0628\u062e\u0634\u06cc \u0627\u0632 \u0641\u0639\u0627\u0644\u06cc\u062a \u062f\u0627\u0631\u0648\u0633\u0627\u0632\u0627\u0646 \u0627\u0633\u062a. \u062f\u0631 \u062f\u0648\u0631\u0647 \u06f5 \u0633\u0627\u0644\u0647 \u062f\u0627\u0631\u0648\u0633\u0627\u0632\u06cc \u060c \u062f\u0627\u0646\u0634 \u0641\u06cc\u0632\u06cc\u0648\u0644\u0648\u0698\u06cc \u060c \u0634\u06cc\u0645\u06cc \u060c \u0641\u0627\u0631\u0645\u0627\u06a9\u0648\u0644\u0648\u0698\u06cc \u060c \u0628\u06cc\u0648\u0634\u06cc\u0645\u06cc \u060c \u0632\u06cc\u0633\u062a \u0634\u0646\u0627\u0633\u06cc \u060c \u0622\u0645\u0648\u0632\u0634\u0647\u0627\u06cc \u062a\u0647\u06cc\u0647 \u0648 \u0633\u0627\u062e\u062a \u062f\u0627\u0631\u0648\u0647\u0627\u060c \u062a\u062c\u0632\u06cc\u0647 \u0648 \u062a\u062d\u0644\u06cc\u0644 \u0648 \u062a\u0636\u0645\u06cc\u0646 \u06a9\u06cc\u0641\u06cc\u062a \u0628\u0647 \u062f\u0633\u062a \u0645\u06cc \u0622\u06cc\u062f. \n\u062f\u0627\u0631\u0648\u062e\u0627\u0646\u0647 \u0647\u0627\u06cc \u0639\u0645\u0648\u0645\u06cc \u060c \u062f\u0627\u0631\u0648\u062e\u0627\u0646\u0647 \u0647\u0627\u06cc \u0628\u06cc\u0645\u0627\u0631\u0633\u062a\u0627\u0646\u06cc \u060c \u0634\u0631\u06a9\u062a \u0647\u0627\u06cc \u0628\u06cc\u0645\u0647 \u062f\u0631\u0645\u0627\u0646\u06cc \u060c \u0641\u0639\u0627\u0644\u06cc\u062a \u0647\u0627\u06cc \u0627\u062f\u0627\u0631\u06cc \u062f\u0631 \u0645\u0646\u0627\u0637\u0642 \u0628\u0647\u062f\u0627\u0634\u062a\u06cc \u0648 \u0635\u0646\u0627\u06cc\u0639 \u062f\u0627\u0631\u0648\u06cc\u06cc \u0632\u0645\u06cc\u0646\u0647 \u0647\u0627\u06cc \u06a9\u0627\u0631\u06cc \u0645\u0648\u062c\u0648\u062f \u0628\u0631\u0627\u06cc \u062f\u0627\u0631\u0648\u0633\u0627\u0632\u0627\u0646 \u0627\u0633\u062a.<\/p>\t\t\t\t\t\t<\/div>\n\t\t\t\t<\/div>\n\t\t\t\t<div class=\"elementor-element elementor-element-217b62e elementor-widget elementor-widget-heading\" data-id=\"217b62e\" data-element_type=\"widget\" data-settings=\"{&quot;_animation_tablet&quot;:&quot;fadeInDown&quot;,&quot;_animation_mobile&quot;:&quot;none&quot;,&quot;_animation&quot;:&quot;none&quot;}\" data-widget_type=\"heading.default\">\n\t\t\t\t<div class=\"elementor-widget-container\">\n\t\t\t<h2 class=\"elementor-heading-title elementor-size-default\">\u062f\u0633\u062a\u06cc\u0627\u0631 \u0641\u0646\u06cc \u062f\u0627\u0631\u0648\u0633\u0627\u0632\u06cc (PTA)<\/h2>\t\t<\/div>\n\t\t\t\t<\/div>\n\t\t\t\t<div class=\"elementor-element elementor-element-2a30193 elementor-widget elementor-widget-text-editor\" data-id=\"2a30193\" data-element_type=\"widget\" data-settings=\"{&quot;_animation&quot;:&quot;none&quot;,&quot;_animation_tablet&quot;:&quot;fadeInLeft&quot;,&quot;_animation_mobile&quot;:&quot;none&quot;}\" data-widget_type=\"text-editor.default\">\n\t\t\t\t<div class=\"elementor-widget-container\">\n\t\t\t\t\t\t\t<p class=\"p1\">\u062f\u0633\u062a\u06cc\u0627\u0631 \u0641\u0646\u06cc \u062f\u0627\u0631\u0648\u0633\u0627\u0632\u06cc\u060c  \u062f\u0631 \u06a9\u0646\u0627\u0631 \u062f\u0627\u0631\u0648\u0633\u0627\u0632\u0627\u0646 \u0641\u0639\u0627\u0644\u06cc\u062a \u0646\u0645\u0648\u062f\u0647 \u0648 \u0627\u0632 \u0622\u0646\u0647\u0627 \u067e\u0634\u062a\u06cc\u0628\u0627\u0646\u06cc \u0645\u06cc \u06a9\u0646\u062f. \u062f\u0631 \u0622\u0644\u0645\u0627\u0646 \u0627\u064a\u0646 \u0639\u0646\u0648\u0627\u0646 \u0634\u063a\u0644\u06cc \u0631\u0627 \u0645\u06cc \u062a\u0648\u0627\u0646 \u0627\u0632 \u0637\u0631\u06cc\u0642 \u0622\u0645\u0648\u0632\u0634 \u062f\u0648 \u0648 \u0646\u06cc\u0645 \u0633\u0627\u0644\u0647 \u0648 \u0628\u0647 \u062f\u0646\u0628\u0627\u0644 \u0622\u0646 \u0634\u0634 \u0645\u0627\u0647 \u06a9\u0627\u0631\u0622\u0645\u0648\u0632\u06cc \u062f\u0631 \u062f\u0627\u0631\u0648\u062e\u0627\u0646\u0647 \u0639\u0645\u0648\u0645\u06cc \u0628\u062f\u0633\u062a \u0622\u0648\u0631\u062f \u0648 \u0647\u0645\u0686\u0646\u06cc\u0646 \u062a\u0648\u0633\u0637 \u062f\u0648\u0644\u062a \u062a\u0640\u0623\u064a\u064a\u062f \u0645\u06cc \u0634\u0648\u062f. \u062f\u0633\u062a\u06cc\u0627\u0631 \u0641\u0646\u06cc \u062f\u0627\u0631\u0648\u0633\u0627\u0632\u06cc\u060c \u0645\u062c\u0627\u0632 \u0628\u0647 \u0627\u0646\u062c\u0627\u0645 \u0641\u0639\u0627\u0644\u06cc\u062a \u062a\u062d\u062a \u0646\u0638\u0627\u0631\u062a \u062f\u0627\u0631\u0648\u0633\u0627\u0632 \u0647\u0633\u062a\u0646\u062f.  \u064a\u06a9\u06cc \u0627\u0632 \u0648\u0638\u0627\u06cc\u0641 \u0645\u0647\u0645 \u0622\u0646\u0647\u0627\u060c \u0645\u0631\u0627\u0642\u0628\u062a \u0648 \u0622\u0645\u0648\u0632\u0634 \u0645\u0634\u062a\u0631\u06cc \u0648 \u0628\u06cc\u0645\u0627\u0631 \u062f\u0631 \u0645\u0648\u0631\u062f \u0627\u0633\u062a\u0641\u0627\u062f\u0647 \u0635\u062d\u06cc\u062d \u0627\u0632 \u0645\u062d\u0635\u0648\u0644\u0627\u062a \u0627\u0633\u062a.<\/p>\t\t\t\t\t\t<\/div>\n\t\t\t\t<\/div>\n\t\t\t\t\t<\/div>\n\t\t<\/div>\n\t\t\t\t\t<\/div>\n\t\t<\/section>\n\t\t\t\t<section class=\"elementor-section elementor-top-section elementor-element elementor-element-65bc930d elementor-section-boxed elementor-section-height-default elementor-section-height-default\" data-id=\"65bc930d\" data-element_type=\"section\" data-settings=\"{&quot;background_background&quot;:&quot;classic&quot;}\">\n\t\t\t\t\t\t<div class=\"elementor-container elementor-column-gap-default\">\n\t\t\t\t\t<div class=\"elementor-column elementor-col-100 elementor-top-column elementor-element elementor-element-768b261a\" data-id=\"768b261a\" data-element_type=\"column\">\n\t\t\t<div class=\"elementor-widget-wrap elementor-element-populated\">\n\t\t\t\t\t\t<div class=\"elementor-element elementor-element-5b5a8b34 elementor-widget elementor-widget-image\" data-id=\"5b5a8b34\" data-element_type=\"widget\" data-widget_type=\"image.default\">\n\t\t\t\t<div class=\"elementor-widget-container\">\n\t\t\t\t\t\t\t\t\t\t\t\t\t<img fetchpriority=\"high\" decoding=\"async\" width=\"507\" height=\"492\" src=\"https:\/\/startmed-germany.de\/wp-content\/uploads\/2020\/08\/StartMed-Logo.png\" class=\"attachment-full size-full wp-image-673\" alt=\"\" srcset=\"https:\/\/startmed-germany.de\/wp-content\/uploads\/2020\/08\/StartMed-Logo.png 507w, https:\/\/startmed-germany.de\/wp-content\/uploads\/2020\/08\/StartMed-Logo-300x291.png 300w\" sizes=\"(max-width: 507px) 100vw, 507px\" \/>\t\t\t\t\t\t\t\t\t\t\t\t\t<\/div>\n\t\t\t\t<\/div>\n\t\t\t\t<div class=\"elementor-element elementor-element-28adce18 elementor-widget elementor-widget-heading\" data-id=\"28adce18\" data-element_type=\"widget\" data-widget_type=\"heading.default\">\n\t\t\t\t<div class=\"elementor-widget-container\">\n\t\t\t<h2 class=\"elementor-heading-title elementor-size-default\">StartMed<\/h2>\t\t<\/div>\n\t\t\t\t<\/div>\n\t\t\t\t<div class=\"elementor-element elementor-element-42bdae41 elementor-widget-divider--view-line elementor-widget elementor-widget-divider\" data-id=\"42bdae41\" data-element_type=\"widget\" data-widget_type=\"divider.default\">\n\t\t\t\t<div class=\"elementor-widget-container\">\n\t\t\t\t\t<div class=\"elementor-divider\">\n\t\t\t<span class=\"elementor-divider-separator\">\n\t\t\t\t\t\t<\/span>\n\t\t<\/div>\n\t\t\t\t<\/div>\n\t\t\t\t<\/div>\n\t\t\t\t<section class=\"elementor-section elementor-inner-section elementor-element elementor-element-43cf0b6e elementor-section-boxed elementor-section-height-default elementor-section-height-default\" data-id=\"43cf0b6e\" data-element_type=\"section\">\n\t\t\t\t\t\t<div class=\"elementor-container elementor-column-gap-default\">\n\t\t\t\t\t<div class=\"elementor-column elementor-col-20 elementor-inner-column elementor-element elementor-element-3fd3410a\" data-id=\"3fd3410a\" data-element_type=\"column\">\n\t\t\t<div class=\"elementor-widget-wrap elementor-element-populated\">\n\t\t\t\t\t\t<div class=\"elementor-element elementor-element-53f2a143 elementor-align-center elementor-widget elementor-widget-button\" data-id=\"53f2a143\" data-element_type=\"widget\" data-widget_type=\"button.default\">\n\t\t\t\t<div class=\"elementor-widget-container\">\n\t\t\t\t\t<div class=\"elementor-button-wrapper\">\n\t\t\t<a class=\"elementor-button elementor-button-link elementor-size-sm\" href=\"https:\/\/startmed-germany.de\/fa\/impressum\/\">\n\t\t\t\t\t\t<span class=\"elementor-button-content-wrapper\">\n\t\t\t\t\t\t\t\t\t<span class=\"elementor-button-text\">\u0627\u0637\u0644\u0627\u0639\u0627\u062a \u0633\u0627\u06cc\u062a<\/span>\n\t\t\t\t\t<\/span>\n\t\t\t\t\t<\/a>\n\t\t<\/div>\n\t\t\t\t<\/div>\n\t\t\t\t<\/div>\n\t\t\t\t\t<\/div>\n\t\t<\/div>\n\t\t\t\t<div class=\"elementor-column elementor-col-20 elementor-inner-column elementor-element elementor-element-56b6c2aa\" data-id=\"56b6c2aa\" data-element_type=\"column\">\n\t\t\t<div class=\"elementor-widget-wrap elementor-element-populated\">\n\t\t\t\t\t\t<div class=\"elementor-element elementor-element-7497e8c1 elementor-align-center elementor-widget elementor-widget-button\" data-id=\"7497e8c1\" data-element_type=\"widget\" data-widget_type=\"button.default\">\n\t\t\t\t<div class=\"elementor-widget-container\">\n\t\t\t\t\t<div class=\"elementor-button-wrapper\">\n\t\t\t<a class=\"elementor-button elementor-button-link elementor-size-sm\" href=\"https:\/\/startmed-germany.de\/fa\/uber-uns\/\">\n\t\t\t\t\t\t<span class=\"elementor-button-content-wrapper\">\n\t\t\t\t\t\t\t\t\t<span class=\"elementor-button-text\">\u062f\u0631\u0628\u0627\u0631\u0647 \u0645\u0627<\/span>\n\t\t\t\t\t<\/span>\n\t\t\t\t\t<\/a>\n\t\t<\/div>\n\t\t\t\t<\/div>\n\t\t\t\t<\/div>\n\t\t\t\t\t<\/div>\n\t\t<\/div>\n\t\t\t\t<div class=\"elementor-column elementor-col-20 elementor-inner-column elementor-element elementor-element-499a9f53\" data-id=\"499a9f53\" data-element_type=\"column\">\n\t\t\t<div class=\"elementor-widget-wrap elementor-element-populated\">\n\t\t\t\t\t\t<div class=\"elementor-element elementor-element-1cd1463f elementor-align-center elementor-widget elementor-widget-button\" data-id=\"1cd1463f\" data-element_type=\"widget\" data-widget_type=\"button.default\">\n\t\t\t\t<div class=\"elementor-widget-container\">\n\t\t\t\t\t<div class=\"elementor-button-wrapper\">\n\t\t\t<a class=\"elementor-button elementor-button-link elementor-size-sm\" href=\"https:\/\/startmed-germany.de\/fa\/kontakt-uns\/\">\n\t\t\t\t\t\t<span class=\"elementor-button-content-wrapper\">\n\t\t\t\t\t\t\t\t\t<span class=\"elementor-button-text\">\u062a\u0645\u0627\u0633 \u0628\u0627 \u0645\u0627<\/span>\n\t\t\t\t\t<\/span>\n\t\t\t\t\t<\/a>\n\t\t<\/div>\n\t\t\t\t<\/div>\n\t\t\t\t<\/div>\n\t\t\t\t\t<\/div>\n\t\t<\/div>\n\t\t\t\t<div class=\"elementor-column elementor-col-20 elementor-inner-column elementor-element elementor-element-7806733a\" data-id=\"7806733a\" data-element_type=\"column\">\n\t\t\t<div class=\"elementor-widget-wrap elementor-element-populated\">\n\t\t\t\t\t\t<div class=\"elementor-element elementor-element-7987a751 elementor-align-left elementor-mobile-align-center elementor-widget elementor-widget-button\" data-id=\"7987a751\" data-element_type=\"widget\" data-widget_type=\"button.default\">\n\t\t\t\t<div class=\"elementor-widget-container\">\n\t\t\t\t\t<div class=\"elementor-button-wrapper\">\n\t\t\t<a class=\"elementor-button elementor-button-link elementor-size-sm\" href=\"https:\/\/startmed-germany.de\/fa\/kooperationspartners\/\">\n\t\t\t\t\t\t<span class=\"elementor-button-content-wrapper\">\n\t\t\t\t\t\t\t\t\t<span class=\"elementor-button-text\">\u0634\u0631\u06a9\u0627\u06cc \u06a9\u0627\u0631\u06cc<\/span>\n\t\t\t\t\t<\/span>\n\t\t\t\t\t<\/a>\n\t\t<\/div>\n\t\t\t\t<\/div>\n\t\t\t\t<\/div>\n\t\t\t\t\t<\/div>\n\t\t<\/div>\n\t\t\t\t<div class=\"elementor-column elementor-col-20 elementor-inner-column elementor-element elementor-element-66a5ad13\" data-id=\"66a5ad13\" data-element_type=\"column\">\n\t\t\t<div class=\"elementor-widget-wrap elementor-element-populated\">\n\t\t\t\t\t\t<div class=\"elementor-element elementor-element-8a9382c elementor-align-center elementor-mobile-align-center elementor-widget elementor-widget-button\" data-id=\"8a9382c\" data-element_type=\"widget\" data-widget_type=\"button.default\">\n\t\t\t\t<div class=\"elementor-widget-container\">\n\t\t\t\t\t<div class=\"elementor-button-wrapper\">\n\t\t\t<a class=\"elementor-button elementor-button-link elementor-size-sm\" href=\"https:\/\/startmed-germany.de\/fa\/datenschutzerklaerung\/\">\n\t\t\t\t\t\t<span class=\"elementor-button-content-wrapper\">\n\t\t\t\t\t\t\t\t\t<span class=\"elementor-button-text\">\u062d\u0641\u0627\u0638\u062a \u0627\u0632 \u062f\u0627\u062f\u0647 \u0647\u0627<\/span>\n\t\t\t\t\t<\/span>\n\t\t\t\t\t<\/a>\n\t\t<\/div>\n\t\t\t\t<\/div>\n\t\t\t\t<\/div>\n\t\t\t\t\t<\/div>\n\t\t<\/div>\n\t\t\t\t\t<\/div>\n\t\t<\/section>\n\t\t\t\t<section class=\"elementor-section elementor-inner-section elementor-element elementor-element-49cf88ec elementor-section-boxed elementor-section-height-default elementor-section-height-default\" data-id=\"49cf88ec\" data-element_type=\"section\">\n\t\t\t\t\t\t<div class=\"elementor-container elementor-column-gap-default\">\n\t\t\t\t\t<div class=\"elementor-column elementor-col-100 elementor-inner-column elementor-element elementor-element-70727efd\" data-id=\"70727efd\" data-element_type=\"column\">\n\t\t\t<div class=\"elementor-widget-wrap elementor-element-populated\">\n\t\t\t\t\t\t<div class=\"elementor-element elementor-element-7247d41f elementor-widget-divider--view-line elementor-widget elementor-widget-divider\" data-id=\"7247d41f\" data-element_type=\"widget\" data-widget_type=\"divider.default\">\n\t\t\t\t<div class=\"elementor-widget-container\">\n\t\t\t\t\t<div class=\"elementor-divider\">\n\t\t\t<span class=\"elementor-divider-separator\">\n\t\t\t\t\t\t<\/span>\n\t\t<\/div>\n\t\t\t\t<\/div>\n\t\t\t\t<\/div>\n\t\t\t\t\t<\/div>\n\t\t<\/div>\n\t\t\t\t\t<\/div>\n\t\t<\/section>\n\t\t\t\t<section class=\"elementor-section elementor-inner-section elementor-element elementor-element-68f63867 elementor-section-boxed elementor-section-height-default elementor-section-height-default\" data-id=\"68f63867\" data-element_type=\"section\">\n\t\t\t\t\t\t<div class=\"elementor-container elementor-column-gap-default\">\n\t\t\t\t\t<div class=\"elementor-column elementor-col-33 elementor-inner-column elementor-element elementor-element-6b9592f4\" data-id=\"6b9592f4\" data-element_type=\"column\">\n\t\t\t<div class=\"elementor-widget-wrap elementor-element-populated\">\n\t\t\t\t\t\t<div class=\"elementor-element elementor-element-63cba595 elementor-widget elementor-widget-heading\" data-id=\"63cba595\" data-element_type=\"widget\" data-widget_type=\"heading.default\">\n\t\t\t\t<div class=\"elementor-widget-container\">\n\t\t\t<h6 class=\"elementor-heading-title elementor-size-default\">\u0631\u0627\u0647\u0647\u0627\u06cc \u0627\u0631\u062a\u0628\u0627\u0637\u06cc \u0628\u0627 \u0645\u0627<\/h6>\t\t<\/div>\n\t\t\t\t<\/div>\n\t\t\t\t<div class=\"elementor-element elementor-element-4a2c002c elementor-widget-divider--view-line elementor-widget elementor-widget-divider\" data-id=\"4a2c002c\" data-element_type=\"widget\" data-widget_type=\"divider.default\">\n\t\t\t\t<div class=\"elementor-widget-container\">\n\t\t\t\t\t<div class=\"elementor-divider\">\n\t\t\t<span class=\"elementor-divider-separator\">\n\t\t\t\t\t\t<\/span>\n\t\t<\/div>\n\t\t\t\t<\/div>\n\t\t\t\t<\/div>\n\t\t\t\t<div class=\"elementor-element elementor-element-11fc0a07 elementor-widget elementor-widget-text-editor\" data-id=\"11fc0a07\" data-element_type=\"widget\" data-widget_type=\"text-editor.default\">\n\t\t\t\t<div class=\"elementor-widget-container\">\n\t\t\t\t\t\t\t<p>startmed.germany@gmail.com<\/p><p>info@startmed-germany.de<\/p><p>\u062a\u0644\u0641\u0646 : \u06f0\u06f0\u06f4\u06f9\u06f2\u06f0\u06f3\u06f3\u06f9\u06f2\u06f0\u06f5\u06f1\u06f2\u06f3<\/p><p>\u0645\u0648\u0628\u0627\u06cc\u0644 : \u06f0\u06f0\u06f4\u06f9\u06f1\u06f7\u06f9\u06f4\u06f1\u06f0\u06f5\u06f7\u06f8\u06f7<\/p>\t\t\t\t\t\t<\/div>\n\t\t\t\t<\/div>\n\t\t\t\t\t<\/div>\n\t\t<\/div>\n\t\t\t\t<div class=\"elementor-column elementor-col-33 elementor-inner-column elementor-element elementor-element-38c799a9\" data-id=\"38c799a9\" data-element_type=\"column\">\n\t\t\t<div class=\"elementor-widget-wrap\">\n\t\t\t\t\t\t\t<\/div>\n\t\t<\/div>\n\t\t\t\t<div class=\"elementor-column elementor-col-33 elementor-inner-column elementor-element elementor-element-476cdbcb\" data-id=\"476cdbcb\" data-element_type=\"column\">\n\t\t\t<div class=\"elementor-widget-wrap elementor-element-populated\">\n\t\t\t\t\t\t<div class=\"elementor-element elementor-element-41e796c8 elementor-widget elementor-widget-heading\" data-id=\"41e796c8\" data-element_type=\"widget\" data-widget_type=\"heading.default\">\n\t\t\t\t<div class=\"elementor-widget-container\">\n\t\t\t<h5 class=\"elementor-heading-title elementor-size-default\">\u0645\u0627 \u0631\u0627 \u062f\u0646\u0628\u0627\u0644 \u06a9\u0646\u06cc\u062f<\/h5>\t\t<\/div>\n\t\t\t\t<\/div>\n\t\t\t\t<div class=\"elementor-element elementor-element-24d3c5ab elementor-widget-divider--view-line elementor-widget elementor-widget-divider\" data-id=\"24d3c5ab\" data-element_type=\"widget\" data-widget_type=\"divider.default\">\n\t\t\t\t<div class=\"elementor-widget-container\">\n\t\t\t\t\t<div class=\"elementor-divider\">\n\t\t\t<span class=\"elementor-divider-separator\">\n\t\t\t\t\t\t<\/span>\n\t\t<\/div>\n\t\t\t\t<\/div>\n\t\t\t\t<\/div>\n\t\t\t\t<div class=\"elementor-element elementor-element-395d82dd e-grid-align-mobile-center elementor-shape-rounded elementor-grid-0 e-grid-align-center elementor-widget elementor-widget-social-icons\" data-id=\"395d82dd\" data-element_type=\"widget\" data-widget_type=\"social-icons.default\">\n\t\t\t\t<div class=\"elementor-widget-container\">\n\t\t\t\t\t<div class=\"elementor-social-icons-wrapper elementor-grid\">\n\t\t\t\t\t\t\t<span class=\"elementor-grid-item\">\n\t\t\t\t\t<a class=\"elementor-icon elementor-social-icon elementor-social-icon-facebook-f elementor-repeater-item-c77c940\" href=\"https:\/\/www.facebook.com\/StartMed-e-K-102800191538632\/\" target=\"_blank\">\n\t\t\t\t\t\t<span class=\"elementor-screen-only\">Facebook-f<\/span>\n\t\t\t\t\t\t<i class=\"fab fa-facebook-f\"><\/i>\t\t\t\t\t<\/a>\n\t\t\t\t<\/span>\n\t\t\t\t\t\t\t<span class=\"elementor-grid-item\">\n\t\t\t\t\t<a class=\"elementor-icon elementor-social-icon elementor-social-icon-instagram elementor-repeater-item-5dbba35\" href=\"https:\/\/www.instagram.com\/startmed.germany\/\" target=\"_blank\">\n\t\t\t\t\t\t<span class=\"elementor-screen-only\">Instagram<\/span>\n\t\t\t\t\t\t<i class=\"fab fa-instagram\"><\/i>\t\t\t\t\t<\/a>\n\t\t\t\t<\/span>\n\t\t\t\t\t<\/div>\n\t\t\t\t<\/div>\n\t\t\t\t<\/div>\n\t\t\t\t\t<\/div>\n\t\t<\/div>\n\t\t\t\t\t<\/div>\n\t\t<\/section>\n\t\t\t\t\t<\/div>\n\t\t<\/div>\n\t\t\t\t\t<\/div>\n\t\t<\/section>\n\t\t\t\t<\/div>","protected":false},"excerpt":{"rendered":"<p>Apotheke APOTHEKER\/IN Apotheker\/-innen sind als Fachkr\u00e4fte und akademische Heilberufler berechtigt Arzneimittel herauszugeben. Sie besch\u00e4ftigen sich neben der Abgabe von Arzneimitteln mit der Pr\u00fcfung, Herstellung und Entwicklung dieser. Auch die Beratung von Verbrauchern geh\u00f6rt zum T\u00e4tigkeitsfeld der Apotheker\/-innen. Im f\u00fcnfj\u00e4hrigen Pharmaziestudium werden daf\u00fcr Kenntnisse der Physiologie, Chemie, Galenik, Pharmakologie, Biochemie, Biologie, Analytik und Qualit\u00e4tssicherung erworben. Einsatzfelder &hellip;<\/p>\n<p class=\"read-more\"> <a class=\"\" href=\"https:\/\/startmed-germany.de\/fa\/apotheker-in\/\"> <span class=\"screen-reader-text\">\u062f\u0627\u0631\u0648\u0633\u0627\u0632<\/span> \u0627\u062f\u0627\u0645\u0647 \u00bb<\/a><\/p>","protected":false},"author":3,"featured_media":0,"parent":0,"menu_order":0,"comment_status":"closed","ping_status":"closed","template":"","meta":{"footnotes":""},"class_list":["post-443","page","type-page","status-publish","hentry"],"_links":{"self":[{"href":"https:\/\/startmed-germany.de\/fa\/wp-json\/wp\/v2\/pages\/443"}],"collection":[{"href":"https:\/\/startmed-germany.de\/fa\/wp-json\/wp\/v2\/pages"}],"about":[{"href":"https:\/\/startmed-germany.de\/fa\/wp-json\/wp\/v2\/types\/page"}],"author":[{"embeddable":true,"href":"https:\/\/startmed-germany.de\/fa\/wp-json\/wp\/v2\/users\/3"}],"replies":[{"embeddable":true,"href":"https:\/\/startmed-germany.de\/fa\/wp-json\/wp\/v2\/comments?post=443"}],"version-history":[{"count":30,"href":"https:\/\/startmed-germany.de\/fa\/wp-json\/wp\/v2\/pages\/443\/revisions"}],"predecessor-version":[{"id":1393,"href":"https:\/\/startmed-germany.de\/fa\/wp-json\/wp\/v2\/pages\/443\/revisions\/1393"}],"wp:attachment":[{"href":"https:\/\/startmed-germany.de\/fa\/wp-json\/wp\/v2\/media?parent=443"}],"curies":[{"name":"wp","href":"https:\/\/api.w.org\/{rel}","templated":true}]}}