{"id":441,"date":"2020-07-21T08:55:05","date_gmt":"2020-07-21T08:55:05","guid":{"rendered":"http:\/\/localhost:8888\/?page_id=441"},"modified":"2024-12-14T11:25:45","modified_gmt":"2024-12-14T11:25:45","slug":"pflegeberufe","status":"publish","type":"page","link":"https:\/\/startmed-germany.de\/fa\/pflegeberufe\/","title":{"rendered":"Pflegeberufe"},"content":{"rendered":"<div data-elementor-type=\"wp-page\" data-elementor-id=\"441\" class=\"elementor elementor-441\">\n\t\t\t\t\t\t<section class=\"elementor-section elementor-top-section elementor-element elementor-element-67c4c0c elementor-section-height-min-height elementor-section-full_width elementor-section-height-default elementor-section-items-middle\" data-id=\"67c4c0c\" data-element_type=\"section\" data-settings=\"{&quot;background_background&quot;:&quot;classic&quot;}\">\n\t\t\t\t\t\t\t<div class=\"elementor-background-overlay\"><\/div>\n\t\t\t\t\t\t\t<div class=\"elementor-container elementor-column-gap-default\">\n\t\t\t\t\t<div class=\"elementor-column elementor-col-100 elementor-top-column elementor-element elementor-element-598d21f8\" data-id=\"598d21f8\" data-element_type=\"column\">\n\t\t\t<div class=\"elementor-widget-wrap elementor-element-populated\">\n\t\t\t\t\t\t<div class=\"elementor-element elementor-element-42bdbbcb elementor-invisible elementor-widget elementor-widget-heading\" data-id=\"42bdbbcb\" data-element_type=\"widget\" data-settings=\"{&quot;_animation&quot;:&quot;fadeInDown&quot;}\" data-widget_type=\"heading.default\">\n\t\t\t\t<div class=\"elementor-widget-container\">\n\t\t\t<h2 class=\"elementor-heading-title elementor-size-default\">\u0628\u0647\u062f\u0627\u0634\u062a \u0648 \u0645\u0631\u0627\u0642\u0628\u062a \u0647\u0627\u06cc \u067e\u0631\u0633\u062a\u0627\u0631\u06cc<\/h2>\t\t<\/div>\n\t\t\t\t<\/div>\n\t\t\t\t\t<\/div>\n\t\t<\/div>\n\t\t\t\t\t<\/div>\n\t\t<\/section>\n\t\t\t\t<section class=\"elementor-section elementor-top-section elementor-element elementor-element-332d630b elementor-section-boxed elementor-section-height-default elementor-section-height-default\" data-id=\"332d630b\" data-element_type=\"section\">\n\t\t\t\t\t\t<div class=\"elementor-container elementor-column-gap-default\">\n\t\t\t\t\t<div class=\"elementor-column elementor-col-100 elementor-top-column elementor-element elementor-element-7f80a43f\" data-id=\"7f80a43f\" data-element_type=\"column\">\n\t\t\t<div class=\"elementor-widget-wrap elementor-element-populated\">\n\t\t\t\t\t\t<div class=\"elementor-element elementor-element-21e0c7ce elementor-widget elementor-widget-text-editor\" data-id=\"21e0c7ce\" data-element_type=\"widget\" data-settings=\"{&quot;_animation&quot;:&quot;none&quot;,&quot;_animation_tablet&quot;:&quot;fadeInLeft&quot;,&quot;_animation_mobile&quot;:&quot;none&quot;}\" data-widget_type=\"text-editor.default\">\n\t\t\t\t<div class=\"elementor-widget-container\">\n\t\t\t\t\t\t\t<p class=\"p1\">\u062d\u0631\u0641\u0647 \u067e\u0631\u0633\u062a\u0627\u0631\u06cc \u0634\u0627\u0645\u0644 \u0645\u0631\u0627\u0642\u0628\u062a \u0648 \u062d\u0645\u0627\u06cc\u062a \u0627\u0632 \u0628\u064a\u0645\u0627\u0631\u0627\u0646 \u062f\u0631 \u0647\u0645\u0647 \u06af\u0631\u0648\u0647 \u0647\u0627\u06cc \u0633\u0646\u06cc \u0648  \u0647\u0645\u064a\u0646\u0637\u0648\u0631 \u0627\u0641\u0631\u0627\u062f \u0645\u0633\u0646 \u0648 \u062f\u0627\u0631\u0627\u06cc \u0645\u0639\u0644\u0648\u0644\u06cc\u062a \u0627\u0633\u062a. \u062c\u0644\u0648\u06af\u06cc\u0631\u06cc \u0648 \u067e\u06cc\u0634\u06af\u06cc\u0631\u06cc \u0627\u0632 \u0628\u06cc\u0645\u0627\u0631\u06cc \u0647\u0627 \u0646\u06cc\u0632 \u0628\u062e\u0634\u06cc \u0627\u0632 \u0634\u063a\u0644 \u062d\u0631\u0641\u0647 \u067e\u0631\u0633\u062a\u0627\u0631\u06cc \u0627\u0633\u062a. \u0648\u0638\u06cc\u0641\u0647 \u0627\u0635\u0644\u06cc \u0647\u0645\u0686\u0646\u06cc\u0646 \u062f\u0631\u06a9 \u0645\u0646\u0627\u0641\u0639 \u0648 \u0646\u06cc\u0627\u0632\u0647\u0627\u06cc \u0645\u0631\u062f\u0645 \u0627\u0633\u062a \u06a9\u0647 \u0628\u0627\u06cc\u062f \u062a\u062d\u062a \u0645\u0631\u0627\u0642\u0628\u062a \u0642\u0631\u0627\u0631 \u06af\u06cc\u0631\u0646\u062f \u0648 \u0627\u06cc\u062c\u0627\u062f \u06cc\u06a9 \u0645\u062d\u06cc\u0637 \u0627\u0645\u0646 \u0628\u0631\u0627\u06cc \u0622\u0646\u0647\u0627. \u0627\u0641\u0631\u0627\u062f\u06cc \u06a9\u0647 \u062f\u0627\u0631\u0627\u06cc \u0627\u06cc\u0646 \u0635\u0644\u0627\u062d\u06cc\u062a \u062d\u0631\u0641\u0647 \u0627\u06cc \u0647\u0633\u062a\u0646\u062f \u0646\u06cc\u0632 \u062f\u0631 \u0622\u0645\u0648\u0632\u0634 \u060c \u0633\u06cc\u0627\u0633\u062a \u0647\u0627\u06cc \u0628\u0647\u062f\u0627\u0634\u062a\u06cc \u0648 \u0645\u062f\u06cc\u0631\u06cc\u062a \u0645\u0631\u0627\u0642\u0628\u062a \u0647\u0627\u06cc \u0628\u0647\u062f\u0627\u0634\u062a\u06cc \u0627\u0633\u062a\u062e\u062f\u0627\u0645 \u0645\u06cc \u0634\u0648\u0646\u062f.<\/p><p class=\"p1\">\u0647\u062f\u0641 \u0627\u06cc\u0646 \u0627\u0633\u062a \u06a9\u0647 \"\u0632\u0646\u062f\u06af\u06cc \u0628\u06cc\u0645\u0627\u0631 \u0631\u0627 \u062a\u0627 \u0622\u0646\u062c\u0627 \u06a9\u0647 \u0645\u0645\u06a9\u0646 \u0627\u0633\u062a \u062a\u0639\u06cc\u06cc\u0646 \u06a9\u0646\u062f \u0648 \u0633\u0644\u0627\u0645\u062a \u0647\u0645\u0647 \u0627\u0639\u0636\u0627\u06cc \u062c\u0627\u0645\u0639\u0647 \u0631\u0627 \u062d\u0641\u0638 \u06a9\u0646\u062f.(s. Josef N. Neumann: Krankenpflege. 2005, S. 791)<\/p><p class=\"p1\">\u0637\u0628\u0642 \u0628\u0631\u0622\u0648\u0631\u062f \u0645\u0648\u0633\u0633\u0647 \u062a\u062d\u0642\u06cc\u0642\u0627\u062a \u0627\u0642\u062a\u0635\u0627\u062f\u06cc \u0622\u0644\u0645\u0627\u0646 \u060c \u0646\u06cc\u0627\u0632 \u0628\u0647 \u067e\u0631\u0633\u0646\u0644 \u067e\u0631\u0633\u062a\u0627\u0631\u06cc \u0645\u06cc \u062a\u0648\u0627\u0646\u062f \u062a\u0627 \u0633\u0627\u0644 2050 \u062f\u0648 \u0628\u0631\u0627\u0628\u0631 \u0634\u0648\u062f. (\u0627\u0642\u062f\u0627\u0645\u0627\u062a \u062a\u0642\u0648\u06cc\u062a \u067e\u0631\u0633\u062a\u0627\u0631\u06cc 2020)<\/p>\t\t\t\t\t\t<\/div>\n\t\t\t\t<\/div>\n\t\t\t\t\t<\/div>\n\t\t<\/div>\n\t\t\t\t\t<\/div>\n\t\t<\/section>\n\t\t\t\t<section class=\"elementor-section elementor-top-section elementor-element elementor-element-ade2fc elementor-section-boxed elementor-section-height-default elementor-section-height-default\" data-id=\"ade2fc\" data-element_type=\"section\" data-settings=\"{&quot;background_background&quot;:&quot;classic&quot;}\">\n\t\t\t\t\t\t<div class=\"elementor-container elementor-column-gap-default\">\n\t\t\t\t\t<div class=\"elementor-column elementor-col-100 elementor-top-column elementor-element elementor-element-72120b1d\" data-id=\"72120b1d\" data-element_type=\"column\">\n\t\t\t<div class=\"elementor-widget-wrap elementor-element-populated\">\n\t\t\t\t\t\t<div class=\"elementor-element elementor-element-50ef610a elementor-widget elementor-widget-image\" data-id=\"50ef610a\" data-element_type=\"widget\" data-widget_type=\"image.default\">\n\t\t\t\t<div class=\"elementor-widget-container\">\n\t\t\t\t\t\t\t\t\t\t\t\t\t<img fetchpriority=\"high\" decoding=\"async\" width=\"507\" height=\"492\" src=\"https:\/\/startmed-germany.de\/wp-content\/uploads\/2020\/08\/StartMed-Logo.png\" class=\"attachment-full size-full wp-image-673\" alt=\"\" srcset=\"https:\/\/startmed-germany.de\/wp-content\/uploads\/2020\/08\/StartMed-Logo.png 507w, https:\/\/startmed-germany.de\/wp-content\/uploads\/2020\/08\/StartMed-Logo-300x291.png 300w\" sizes=\"(max-width: 507px) 100vw, 507px\" \/>\t\t\t\t\t\t\t\t\t\t\t\t\t<\/div>\n\t\t\t\t<\/div>\n\t\t\t\t<div class=\"elementor-element elementor-element-4179f8b1 elementor-widget elementor-widget-heading\" data-id=\"4179f8b1\" data-element_type=\"widget\" data-widget_type=\"heading.default\">\n\t\t\t\t<div class=\"elementor-widget-container\">\n\t\t\t<h2 class=\"elementor-heading-title elementor-size-default\">StartMed<\/h2>\t\t<\/div>\n\t\t\t\t<\/div>\n\t\t\t\t<div class=\"elementor-element elementor-element-3fe7ad54 elementor-widget-divider--view-line elementor-widget elementor-widget-divider\" data-id=\"3fe7ad54\" data-element_type=\"widget\" data-widget_type=\"divider.default\">\n\t\t\t\t<div class=\"elementor-widget-container\">\n\t\t\t\t\t<div class=\"elementor-divider\">\n\t\t\t<span class=\"elementor-divider-separator\">\n\t\t\t\t\t\t<\/span>\n\t\t<\/div>\n\t\t\t\t<\/div>\n\t\t\t\t<\/div>\n\t\t\t\t<section class=\"elementor-section elementor-inner-section elementor-element elementor-element-7b1b20f elementor-section-boxed elementor-section-height-default elementor-section-height-default\" data-id=\"7b1b20f\" data-element_type=\"section\">\n\t\t\t\t\t\t<div class=\"elementor-container elementor-column-gap-default\">\n\t\t\t\t\t<div class=\"elementor-column elementor-col-20 elementor-inner-column elementor-element elementor-element-37130b7a\" data-id=\"37130b7a\" data-element_type=\"column\">\n\t\t\t<div class=\"elementor-widget-wrap elementor-element-populated\">\n\t\t\t\t\t\t<div class=\"elementor-element elementor-element-44ed3d75 elementor-align-center elementor-widget elementor-widget-button\" data-id=\"44ed3d75\" data-element_type=\"widget\" data-widget_type=\"button.default\">\n\t\t\t\t<div class=\"elementor-widget-container\">\n\t\t\t\t\t<div class=\"elementor-button-wrapper\">\n\t\t\t<a class=\"elementor-button elementor-button-link elementor-size-sm\" href=\"https:\/\/startmed-germany.de\/fa\/impressum\/\">\n\t\t\t\t\t\t<span class=\"elementor-button-content-wrapper\">\n\t\t\t\t\t\t\t\t\t<span class=\"elementor-button-text\">\u0627\u0637\u0644\u0627\u0639\u0627\u062a \u0633\u0627\u06cc\u062a<\/span>\n\t\t\t\t\t<\/span>\n\t\t\t\t\t<\/a>\n\t\t<\/div>\n\t\t\t\t<\/div>\n\t\t\t\t<\/div>\n\t\t\t\t\t<\/div>\n\t\t<\/div>\n\t\t\t\t<div class=\"elementor-column elementor-col-20 elementor-inner-column elementor-element elementor-element-1f29cc84\" data-id=\"1f29cc84\" data-element_type=\"column\">\n\t\t\t<div class=\"elementor-widget-wrap elementor-element-populated\">\n\t\t\t\t\t\t<div class=\"elementor-element elementor-element-4e057b36 elementor-align-center elementor-widget elementor-widget-button\" data-id=\"4e057b36\" data-element_type=\"widget\" data-widget_type=\"button.default\">\n\t\t\t\t<div class=\"elementor-widget-container\">\n\t\t\t\t\t<div class=\"elementor-button-wrapper\">\n\t\t\t<a class=\"elementor-button elementor-button-link elementor-size-sm\" href=\"https:\/\/startmed-germany.de\/fa\/uber-uns\/\">\n\t\t\t\t\t\t<span class=\"elementor-button-content-wrapper\">\n\t\t\t\t\t\t\t\t\t<span class=\"elementor-button-text\">\u062f\u0631\u0628\u0627\u0631\u0647 \u0645\u0627<\/span>\n\t\t\t\t\t<\/span>\n\t\t\t\t\t<\/a>\n\t\t<\/div>\n\t\t\t\t<\/div>\n\t\t\t\t<\/div>\n\t\t\t\t\t<\/div>\n\t\t<\/div>\n\t\t\t\t<div class=\"elementor-column elementor-col-20 elementor-inner-column elementor-element elementor-element-67991e9a\" data-id=\"67991e9a\" data-element_type=\"column\">\n\t\t\t<div class=\"elementor-widget-wrap elementor-element-populated\">\n\t\t\t\t\t\t<div class=\"elementor-element elementor-element-3ef6f803 elementor-align-center elementor-widget elementor-widget-button\" data-id=\"3ef6f803\" data-element_type=\"widget\" data-widget_type=\"button.default\">\n\t\t\t\t<div class=\"elementor-widget-container\">\n\t\t\t\t\t<div class=\"elementor-button-wrapper\">\n\t\t\t<a class=\"elementor-button elementor-button-link elementor-size-sm\" href=\"https:\/\/startmed-germany.de\/fa\/kontakt-uns\/\">\n\t\t\t\t\t\t<span class=\"elementor-button-content-wrapper\">\n\t\t\t\t\t\t\t\t\t<span class=\"elementor-button-text\">\u062a\u0645\u0627\u0633 \u0628\u0627 \u0645\u0627<\/span>\n\t\t\t\t\t<\/span>\n\t\t\t\t\t<\/a>\n\t\t<\/div>\n\t\t\t\t<\/div>\n\t\t\t\t<\/div>\n\t\t\t\t\t<\/div>\n\t\t<\/div>\n\t\t\t\t<div class=\"elementor-column elementor-col-20 elementor-inner-column elementor-element elementor-element-648b3489\" data-id=\"648b3489\" data-element_type=\"column\">\n\t\t\t<div class=\"elementor-widget-wrap elementor-element-populated\">\n\t\t\t\t\t\t<div class=\"elementor-element elementor-element-2d56befd elementor-align-left elementor-mobile-align-center elementor-widget elementor-widget-button\" data-id=\"2d56befd\" data-element_type=\"widget\" data-widget_type=\"button.default\">\n\t\t\t\t<div class=\"elementor-widget-container\">\n\t\t\t\t\t<div class=\"elementor-button-wrapper\">\n\t\t\t<a class=\"elementor-button elementor-button-link elementor-size-sm\" href=\"https:\/\/startmed-germany.de\/fa\/kooperationspartners\/\">\n\t\t\t\t\t\t<span class=\"elementor-button-content-wrapper\">\n\t\t\t\t\t\t\t\t\t<span class=\"elementor-button-text\">\u0634\u0631\u06a9\u0627\u06cc \u06a9\u0627\u0631\u06cc<\/span>\n\t\t\t\t\t<\/span>\n\t\t\t\t\t<\/a>\n\t\t<\/div>\n\t\t\t\t<\/div>\n\t\t\t\t<\/div>\n\t\t\t\t\t<\/div>\n\t\t<\/div>\n\t\t\t\t<div class=\"elementor-column elementor-col-20 elementor-inner-column elementor-element elementor-element-5d6e0e73\" data-id=\"5d6e0e73\" data-element_type=\"column\">\n\t\t\t<div class=\"elementor-widget-wrap elementor-element-populated\">\n\t\t\t\t\t\t<div class=\"elementor-element elementor-element-69a4bf4e elementor-align-center elementor-mobile-align-center elementor-widget elementor-widget-button\" data-id=\"69a4bf4e\" data-element_type=\"widget\" data-widget_type=\"button.default\">\n\t\t\t\t<div class=\"elementor-widget-container\">\n\t\t\t\t\t<div class=\"elementor-button-wrapper\">\n\t\t\t<a class=\"elementor-button elementor-button-link elementor-size-sm\" href=\"https:\/\/startmed-germany.de\/fa\/datenschutzerklaerung\/\">\n\t\t\t\t\t\t<span class=\"elementor-button-content-wrapper\">\n\t\t\t\t\t\t\t\t\t<span class=\"elementor-button-text\">\u062d\u0641\u0627\u0638\u062a \u0627\u0632 \u062f\u0627\u062f\u0647 \u0647\u0627<\/span>\n\t\t\t\t\t<\/span>\n\t\t\t\t\t<\/a>\n\t\t<\/div>\n\t\t\t\t<\/div>\n\t\t\t\t<\/div>\n\t\t\t\t\t<\/div>\n\t\t<\/div>\n\t\t\t\t\t<\/div>\n\t\t<\/section>\n\t\t\t\t<section class=\"elementor-section elementor-inner-section elementor-element elementor-element-26577b74 elementor-section-boxed elementor-section-height-default elementor-section-height-default\" data-id=\"26577b74\" data-element_type=\"section\">\n\t\t\t\t\t\t<div class=\"elementor-container elementor-column-gap-default\">\n\t\t\t\t\t<div class=\"elementor-column elementor-col-100 elementor-inner-column elementor-element elementor-element-3c8d66f3\" data-id=\"3c8d66f3\" data-element_type=\"column\">\n\t\t\t<div class=\"elementor-widget-wrap elementor-element-populated\">\n\t\t\t\t\t\t<div class=\"elementor-element elementor-element-18d409f3 elementor-widget-divider--view-line elementor-widget elementor-widget-divider\" data-id=\"18d409f3\" data-element_type=\"widget\" data-widget_type=\"divider.default\">\n\t\t\t\t<div class=\"elementor-widget-container\">\n\t\t\t\t\t<div class=\"elementor-divider\">\n\t\t\t<span class=\"elementor-divider-separator\">\n\t\t\t\t\t\t<\/span>\n\t\t<\/div>\n\t\t\t\t<\/div>\n\t\t\t\t<\/div>\n\t\t\t\t\t<\/div>\n\t\t<\/div>\n\t\t\t\t\t<\/div>\n\t\t<\/section>\n\t\t\t\t<section class=\"elementor-section elementor-inner-section elementor-element elementor-element-2e05095d elementor-section-boxed elementor-section-height-default elementor-section-height-default\" data-id=\"2e05095d\" data-element_type=\"section\">\n\t\t\t\t\t\t<div class=\"elementor-container elementor-column-gap-default\">\n\t\t\t\t\t<div class=\"elementor-column elementor-col-33 elementor-inner-column elementor-element elementor-element-162ca146\" data-id=\"162ca146\" data-element_type=\"column\">\n\t\t\t<div class=\"elementor-widget-wrap elementor-element-populated\">\n\t\t\t\t\t\t<div class=\"elementor-element elementor-element-47a0bbbf elementor-widget elementor-widget-heading\" data-id=\"47a0bbbf\" data-element_type=\"widget\" data-widget_type=\"heading.default\">\n\t\t\t\t<div class=\"elementor-widget-container\">\n\t\t\t<h6 class=\"elementor-heading-title elementor-size-default\">\u0631\u0627\u0647\u0647\u0627\u06cc \u0627\u0631\u062a\u0628\u0627\u0637\u06cc \u0628\u0627 \u0645\u0627<\/h6>\t\t<\/div>\n\t\t\t\t<\/div>\n\t\t\t\t<div class=\"elementor-element elementor-element-4bc51f20 elementor-widget-divider--view-line elementor-widget elementor-widget-divider\" data-id=\"4bc51f20\" data-element_type=\"widget\" data-widget_type=\"divider.default\">\n\t\t\t\t<div class=\"elementor-widget-container\">\n\t\t\t\t\t<div class=\"elementor-divider\">\n\t\t\t<span class=\"elementor-divider-separator\">\n\t\t\t\t\t\t<\/span>\n\t\t<\/div>\n\t\t\t\t<\/div>\n\t\t\t\t<\/div>\n\t\t\t\t<div class=\"elementor-element elementor-element-39098817 elementor-widget elementor-widget-text-editor\" data-id=\"39098817\" data-element_type=\"widget\" data-widget_type=\"text-editor.default\">\n\t\t\t\t<div class=\"elementor-widget-container\">\n\t\t\t\t\t\t\t<p>startmed.germany@gmail.com<\/p><p>info@startmed-germany.de<\/p><p>\u062a\u0644\u0641\u0646 : \u06f0\u06f0\u06f4\u06f9\u06f2\u06f0\u06f3\u06f3\u06f9\u06f2\u06f0\u06f5\u06f1\u06f2\u06f3<\/p><p>\u0645\u0648\u0628\u0627\u06cc\u0644 : \u06f0\u06f0\u06f4\u06f9\u06f1\u06f7\u06f9\u06f4\u06f1\u06f0\u06f5\u06f7\u06f8\u06f7<\/p>\t\t\t\t\t\t<\/div>\n\t\t\t\t<\/div>\n\t\t\t\t\t<\/div>\n\t\t<\/div>\n\t\t\t\t<div class=\"elementor-column elementor-col-33 elementor-inner-column elementor-element elementor-element-6f7b9f3d\" data-id=\"6f7b9f3d\" data-element_type=\"column\">\n\t\t\t<div class=\"elementor-widget-wrap\">\n\t\t\t\t\t\t\t<\/div>\n\t\t<\/div>\n\t\t\t\t<div class=\"elementor-column elementor-col-33 elementor-inner-column elementor-element elementor-element-34c13637\" data-id=\"34c13637\" data-element_type=\"column\">\n\t\t\t<div class=\"elementor-widget-wrap elementor-element-populated\">\n\t\t\t\t\t\t<div class=\"elementor-element elementor-element-544e4722 elementor-widget elementor-widget-heading\" data-id=\"544e4722\" data-element_type=\"widget\" data-widget_type=\"heading.default\">\n\t\t\t\t<div class=\"elementor-widget-container\">\n\t\t\t<h5 class=\"elementor-heading-title elementor-size-default\">\u0645\u0627 \u0631\u0627 \u062f\u0646\u0628\u0627\u0644 \u06a9\u0646\u06cc\u062f<\/h5>\t\t<\/div>\n\t\t\t\t<\/div>\n\t\t\t\t<div class=\"elementor-element elementor-element-72078c19 elementor-widget-divider--view-line elementor-widget elementor-widget-divider\" data-id=\"72078c19\" data-element_type=\"widget\" data-widget_type=\"divider.default\">\n\t\t\t\t<div class=\"elementor-widget-container\">\n\t\t\t\t\t<div class=\"elementor-divider\">\n\t\t\t<span class=\"elementor-divider-separator\">\n\t\t\t\t\t\t<\/span>\n\t\t<\/div>\n\t\t\t\t<\/div>\n\t\t\t\t<\/div>\n\t\t\t\t<div class=\"elementor-element elementor-element-c840f0 e-grid-align-mobile-center elementor-shape-rounded elementor-grid-0 e-grid-align-center elementor-widget elementor-widget-social-icons\" data-id=\"c840f0\" data-element_type=\"widget\" data-widget_type=\"social-icons.default\">\n\t\t\t\t<div class=\"elementor-widget-container\">\n\t\t\t\t\t<div class=\"elementor-social-icons-wrapper elementor-grid\">\n\t\t\t\t\t\t\t<span class=\"elementor-grid-item\">\n\t\t\t\t\t<a class=\"elementor-icon elementor-social-icon elementor-social-icon-facebook-f elementor-repeater-item-c77c940\" href=\"https:\/\/www.facebook.com\/StartMed-e-K-102800191538632\/\" target=\"_blank\">\n\t\t\t\t\t\t<span class=\"elementor-screen-only\">Facebook-f<\/span>\n\t\t\t\t\t\t<i class=\"fab fa-facebook-f\"><\/i>\t\t\t\t\t<\/a>\n\t\t\t\t<\/span>\n\t\t\t\t\t\t\t<span class=\"elementor-grid-item\">\n\t\t\t\t\t<a class=\"elementor-icon elementor-social-icon elementor-social-icon-instagram elementor-repeater-item-5dbba35\" href=\"https:\/\/www.instagram.com\/startmed.germany\/\" target=\"_blank\">\n\t\t\t\t\t\t<span class=\"elementor-screen-only\">Instagram<\/span>\n\t\t\t\t\t\t<i class=\"fab fa-instagram\"><\/i>\t\t\t\t\t<\/a>\n\t\t\t\t<\/span>\n\t\t\t\t\t<\/div>\n\t\t\t\t<\/div>\n\t\t\t\t<\/div>\n\t\t\t\t\t<\/div>\n\t\t<\/div>\n\t\t\t\t\t<\/div>\n\t\t<\/section>\n\t\t\t\t\t<\/div>\n\t\t<\/div>\n\t\t\t\t\t<\/div>\n\t\t<\/section>\n\t\t\t\t<\/div>","protected":false},"excerpt":{"rendered":"<p>Gesundheits-und Krankenpfleger Der Pflegeberuf umfasst die Betreuung und Versorgung von Menschen aller Altersgruppen, haupts\u00e4chlich von Menschen in Krankheit, in der palliativen Situation oder von Menschen mit Behinderung. Auch Pr\u00e4vention und Verh\u00fctung von Krankheiten geh\u00f6ren zum Aufgabenfeld des Pflegeberufes. Als Schl\u00fcsselaufgabe wird auch die Wahrnehmung der Interessen und Bed\u00fcrfnisse der zu betreuenden Personen gez\u00e4hlt und die &hellip;<\/p>\n<p class=\"read-more\"> <a class=\"\" href=\"https:\/\/startmed-germany.de\/fa\/pflegeberufe\/\"> <span class=\"screen-reader-text\">Pflegeberufe<\/span> \u0627\u062f\u0627\u0645\u0647 \u00bb<\/a><\/p>","protected":false},"author":3,"featured_media":0,"parent":0,"menu_order":0,"comment_status":"closed","ping_status":"closed","template":"","meta":{"footnotes":""},"class_list":["post-441","page","type-page","status-publish","hentry"],"_links":{"self":[{"href":"https:\/\/startmed-germany.de\/fa\/wp-json\/wp\/v2\/pages\/441"}],"collection":[{"href":"https:\/\/startmed-germany.de\/fa\/wp-json\/wp\/v2\/pages"}],"about":[{"href":"https:\/\/startmed-germany.de\/fa\/wp-json\/wp\/v2\/types\/page"}],"author":[{"embeddable":true,"href":"https:\/\/startmed-germany.de\/fa\/wp-json\/wp\/v2\/users\/3"}],"replies":[{"embeddable":true,"href":"https:\/\/startmed-germany.de\/fa\/wp-json\/wp\/v2\/comments?post=441"}],"version-history":[{"count":27,"href":"https:\/\/startmed-germany.de\/fa\/wp-json\/wp\/v2\/pages\/441\/revisions"}],"predecessor-version":[{"id":1381,"href":"https:\/\/startmed-germany.de\/fa\/wp-json\/wp\/v2\/pages\/441\/revisions\/1381"}],"wp:attachment":[{"href":"https:\/\/startmed-germany.de\/fa\/wp-json\/wp\/v2\/media?parent=441"}],"curies":[{"name":"wp","href":"https:\/\/api.w.org\/{rel}","templated":true}]}}